{"id":649,"date":"2016-12-20T07:14:18","date_gmt":"2016-12-20T07:14:18","guid":{"rendered":"http:\/\/calfabrega.ergatesweb2.net\/fr\/?page_id=649"},"modified":"2021-01-18T09:04:00","modified_gmt":"2021-01-18T09:04:00","slug":"reservations","status":"publish","type":"page","link":"https:\/\/www.casacalcalot.cat\/fr\/reservations\/","title":{"rendered":"Reservations"},"content":{"rendered":"\n<style type=\"text\/css\" data-created_by=\"avia_inline_auto\" id=\"style-css-av-av_heading-9597ea815a3af765775ab16be11589e8\">\n#top .av-special-heading.av-av_heading-9597ea815a3af765775ab16be11589e8{\npadding-bottom:10px;\n}\nbody .av-special-heading.av-av_heading-9597ea815a3af765775ab16be11589e8 .av-special-heading-tag .heading-char{\nfont-size:25px;\n}\n.av-special-heading.av-av_heading-9597ea815a3af765775ab16be11589e8 .av-subheading{\nfont-size:15px;\n}\n<\/style>\n<div  class='av-special-heading av-av_heading-9597ea815a3af765775ab16be11589e8 av-special-heading-h2 blockquote modern-quote  avia-builder-el-0  el_before_av_three_fifth  avia-builder-el-first '><h2 class='av-special-heading-tag '  itemprop=\"headline\"  >Reservations et disponibilit\u00e9<\/h2><div class=\"special-heading-border\"><div class=\"special-heading-inner-border\"><\/div><\/div><\/div>\n<div  class='flex_column av-2k409t-41293866b39f370b8441f932f16522dd av_three_fifth  avia-builder-el-1  el_after_av_heading  el_before_av_two_fifth  first flex_column_div  '     ><p><section  class='av_textblock_section av-8g9fl-1121f2a1b344a39459841dfebf269c95 '   itemscope=\"itemscope\" itemtype=\"https:\/\/schema.org\/CreativeWork\" ><div class='avia_textblock'  itemprop=\"text\" ><p>V\u00e9rifiez ici la disponibilit\u00e9 et contactez-nous. Nous vous r\u00e9pondrons dans les plus brefs d\u00e9lais.<\/p>\n<\/div><\/section><br \/>\n<form action=\"https:\/\/www.casacalcalot.cat\/fr\/reservations\/\" method=\"post\" data-fields-with-error=\"Erreurs trouv\u00e9es dans les champs suivants :\" class=\"avia_ajax_form av-form-labels-visible   avia-builder-el-3  el_after_av_textblock  avia-builder-el-last   \" data-avia-form-id=\"1\" data-avia-redirect='https:\/\/www.casacalcalot.cat\/en\/thanks\/' ><fieldset><p class='  first_form  form_element form_fullwidth' id='element_avia_1_1'><label for=\"avia_1_1\">Nom et pr\u00e9nom <abbr class=\"required\" title=\"requis(e)\">*<\/abbr><\/label> <input name=\"avia_1_1\" class=\"text_input is_empty\" type=\"text\" id=\"avia_1_1\" value=\"\" \/><\/p><p class='  first_form  form_element form_fullwidth' id='element_avia_2_1'><label for=\"avia_2_1\">Ville <abbr class=\"required\" title=\"requis(e)\">*<\/abbr><\/label> <input name=\"avia_2_1\" class=\"text_input is_empty\" type=\"text\" id=\"avia_2_1\" value=\"\" \/><\/p><p class='  first_form  form_element form_fullwidth' id='element_avia_3_1'><label for=\"avia_3_1\">T\u00e9l\u00e9phone <abbr class=\"required\" title=\"requis(e)\">*<\/abbr><\/label> <input name=\"avia_3_1\" class=\"text_input is_empty\" type=\"text\" id=\"avia_3_1\" value=\"\" \/><\/p><p class='  first_form  form_element form_fullwidth' id='element_avia_4_1'><label for=\"avia_4_1\">Adresse m\u00e9l <abbr class=\"required\" title=\"requis(e)\">*<\/abbr><\/label> <input name=\"avia_4_1\" class=\"text_input is_email\" type=\"text\" id=\"avia_4_1\" value=\"\" \/><\/p><p class='  first_form  form_element form_fullwidth' id='element_avia_5_1'><label for=\"avia_5_1\">Nombre de personnes <abbr class=\"required\" title=\"requis(e)\">*<\/abbr><\/label><select  name=\"avia_5_1\" class=\"select is_empty\" id=\"avia_5_1\"><option   value='2'>2<\/option><option   value='3'>3<\/option><option   value='4'>4<\/option><option   value='5'>5<\/option><option   value='6'>6<\/option><option   value='7'>7<\/option><option   value='8'>8<\/option><option   value='9'>9<\/option><option   value='10'>10<\/option><option   value='11'>11<\/option><option   value='12'>12<\/option><option   value='13'>13<\/option><option   value='14'>14<\/option><option   value='15'>15<\/option><option   value='plus de 15'>plus de 15<\/option><\/select><\/p><p class='  first_form  form_element form_fullwidth' id='element_avia_6_1'><label for=\"avia_6_1\">Date d\u2019arriv\u00e9e <abbr class=\"required\" title=\"requis(e)\">*<\/abbr><\/label> <input name=\"avia_6_1\" class=\"avia_datepicker text_input is_empty\" type=\"text\" id=\"avia_6_1\" value=\"\" placeholder=\"DD \/ MM \/ YY\" inputmode=\"none\" \/><\/p><p class='  first_form  form_element form_fullwidth' id='element_avia_7_1'><label for=\"avia_7_1\">Date de d\u00e9part <abbr class=\"required\" title=\"requis(e)\">*<\/abbr><\/label> <input name=\"avia_7_1\" class=\"avia_datepicker text_input is_empty\" type=\"text\" id=\"avia_7_1\" value=\"\" placeholder=\"DD \/ MM \/ YY\" inputmode=\"none\" \/><\/p><p class='  first_form  form_element form_fullwidth' id='element_avia_8_1'><label for=\"avia_8_1\" class=\"textare_label hidden textare_label_avia_8_1\">Commentaires<\/label><textarea  name=\"avia_8_1\" class=\"text_area \" cols=\"40\" rows=\"7\" id=\"avia_8_1\" ><\/textarea><\/p><p class=\"hidden\"><input type=\"text\" name=\"avia_9_1\" class=\"hidden \" id=\"avia_9_1\" value=\"\" \/><\/p><div id='avia_10_1' class='av-recaptcha-area  first_form  form_element form_fullwidth av-last-visible-form-element '  data-container_class=\"\" data-custom_class=\"\" data-context=\"av_contact_form\" data-token_input=\"av_recaptcha_token\" data-version=\"avia_recaptcha_v3\" data-theme=\"light\" data-size=\"normal\" data-score=\"0.5\" data-text_to_preview=\"\" data-value=\"\"><div class=\"av-google-badge-message hidden\">Ce site est prot\u00e9g\u00e9 par reCAPTCHA et la <a href=\"https:\/\/policies.google.com\/privacy\">politique de confidentialit\u00e9<\/a> de Google et <a href=\"https:\/\/policies.google.com\/terms\">leur conditions d\u2019utilisation<\/a> s\u2019appliquent.<\/div><\/div><p class=' av_form_privacy_check av_contact_privacy_check first_form  form_element form_fullwidth' id='element_avia_11_1'><input  name=\"avia_11_1\" class=\"input_checkbox is_empty\" type=\"checkbox\" id=\"avia_11_1\" value=\"true\"\/><label class=\"input_checkbox_label\" for=\"avia_11_1\">Accepto els termes i condicions establerts a la <a href='https:\/\/www.casacalcalot.cat\/politica-de-privacitat\/' target='_blank'>Pol\u00edtica de privacitat<\/a> <abbr class=\"required\" title=\"requis(e)\">*<\/abbr><\/label><\/p><p class=\"form_element \"><input type=\"hidden\" value=\"1\" name=\"avia_generated_form1\" \/><input type=\"submit\" value=\"Envoyer\" class=\"button\"  data-sending-label=\"Envoi\"\/><\/p><\/fieldset><div class=\"avia-disabled-form\">Ce formulaire est d\u00e9sactiv\u00e9 dans la mesure o\u00f9 vous refusez d\u2019accepter le service Google reCAPTCHA n\u00e9cessaire pour valider toute exp\u00e9dition de message depuis celui-ci.<\/div><\/form><div id=\"ajaxresponse_1\" class=\"ajaxresponse ajaxresponse_1 hidden\"><\/div><\/p><\/div>\n<style type=\"text\/css\" data-created_by=\"avia_inline_auto\" id=\"style-css-av-xxj1d-9bdc834fc928852bd268ef702d872a7b\">\n.flex_column.av-xxj1d-9bdc834fc928852bd268ef702d872a7b{\nborder-radius:0px 0px 0px 0px;\npadding:0px 0px 0px 0px;\n}\n<\/style>\n<div  class='flex_column av-xxj1d-9bdc834fc928852bd268ef702d872a7b av_two_fifth  avia-builder-el-4  el_after_av_three_fifth  avia-builder-el-last  flex_column_div av-zero-column-padding  '     ><p>\n<style type=\"text\/css\" data-created_by=\"avia_inline_auto\" id=\"style-css-av-9tw9-66dffc1e5a75282ff92829a76f68bd3d\">\n#top .hr.hr-invisible.av-9tw9-66dffc1e5a75282ff92829a76f68bd3d{\nheight:50px;\n}\n<\/style>\n<div  class='hr av-9tw9-66dffc1e5a75282ff92829a76f68bd3d hr-invisible  avia-builder-el-5  el_before_av_codeblock  avia-builder-el-first '><span class='hr-inner '><span class=\"hr-inner-style\"><\/span><\/span><\/div><br \/>\n<br \/>\n\n<style type=\"text\/css\" data-created_by=\"avia_inline_auto\" id=\"style-css-av-mk8gx-2b35cd99ef05292a2af6e0e519e8297d\">\n#top .hr.hr-invisible.av-mk8gx-2b35cd99ef05292a2af6e0e519e8297d{\nheight:50px;\n}\n<\/style>\n<div  class='hr av-mk8gx-2b35cd99ef05292a2af6e0e519e8297d hr-invisible  avia-builder-el-7  el_after_av_codeblock  el_before_av_textblock '><span class='hr-inner '><span class=\"hr-inner-style\"><\/span><\/span><\/div><br \/>\n<section  class='av_textblock_section av-egbzd-c60031a19530d07ee82e2f3910a5489d '   itemscope=\"itemscope\" itemtype=\"https:\/\/schema.org\/CreativeWork\" ><div class='avia_textblock'  itemprop=\"text\" ><p style=\"text-align: right;\">V\u00e9rifiez les <a href=\"http:\/\/casacalcalot.cat\/fr\/conditions\/\">termes et conditions<\/a> ici.<\/p>\n<\/div><\/section><br \/>\n\n<style type=\"text\/css\" data-created_by=\"avia_inline_auto\" id=\"style-css-av-7o5ux-6a8ade8e375df1443744673297a1e9ff\">\n.avia-image-container.av-7o5ux-6a8ade8e375df1443744673297a1e9ff img.avia_image{\nbox-shadow:none;\n}\n.avia-image-container.av-7o5ux-6a8ade8e375df1443744673297a1e9ff .av-image-caption-overlay-center{\ncolor:#ffffff;\n}\n<\/style>\n<div  class='avia-image-container av-7o5ux-6a8ade8e375df1443744673297a1e9ff av-styling- avia-align-center  avia-builder-el-9  el_after_av_textblock  avia-builder-el-last '   itemprop=\"image\" itemscope=\"itemscope\" itemtype=\"https:\/\/schema.org\/ImageObject\" ><div class=\"avia-image-container-inner\"><div class=\"avia-image-overlay-wrap\"><img decoding=\"async\" fetchpriority=\"high\" class='wp-image- avia-img-lazy-loading-not- avia_image ' src=\"http:\/\/calfabrega.ergatesweb2.net\/wp-content\/uploads\/2017\/01\/logo-masia-cal-fabrega.png\" alt='' title=''   itemprop=\"thumbnailUrl\"  \/><\/div><\/div><\/div><\/p><\/div><\/p>\n","protected":false},"excerpt":{"rendered":"","protected":false},"author":1,"featured_media":0,"parent":0,"menu_order":0,"comment_status":"closed","ping_status":"closed","template":"","meta":{"footnotes":""},"class_list":["post-649","page","type-page","status-publish","hentry"],"yoast_head":"<!-- This site is optimized with the Yoast SEO plugin v27.5 - https:\/\/yoast.com\/product\/yoast-seo-wordpress\/ -->\n<title>Reservations - Casa Cal Calot<\/title>\n<meta name=\"robots\" content=\"index, follow, max-snippet:-1, max-image-preview:large, max-video-preview:-1\" \/>\n<link rel=\"canonical\" href=\"https:\/\/www.casacalcalot.cat\/fr\/reservations\/\" \/>\n<meta property=\"og:locale\" content=\"fr_FR\" \/>\n<meta property=\"og:type\" content=\"article\" \/>\n<meta property=\"og:title\" content=\"Reservations - Casa Cal Calot\" \/>\n<meta property=\"og:url\" content=\"https:\/\/www.casacalcalot.cat\/fr\/reservations\/\" \/>\n<meta property=\"og:site_name\" content=\"Casa Cal Calot\" \/>\n<meta property=\"article:modified_time\" content=\"2021-01-18T09:04:00+00:00\" \/>\n<meta name=\"twitter:card\" content=\"summary_large_image\" \/>\n<meta name=\"twitter:label1\" content=\"Dur\u00e9e de lecture estim\u00e9e\" \/>\n\t<meta name=\"twitter:data1\" content=\"4 minutes\" \/>\n<script type=\"application\/ld+json\" class=\"yoast-schema-graph\">{\"@context\":\"https:\\\/\\\/schema.org\",\"@graph\":[{\"@type\":\"WebPage\",\"@id\":\"https:\\\/\\\/www.casacalcalot.cat\\\/fr\\\/reservations\\\/\",\"url\":\"https:\\\/\\\/www.casacalcalot.cat\\\/fr\\\/reservations\\\/\",\"name\":\"Reservations - Casa Cal Calot\",\"isPartOf\":{\"@id\":\"https:\\\/\\\/www.casacalcalot.cat\\\/#website\"},\"datePublished\":\"2016-12-20T07:14:18+00:00\",\"dateModified\":\"2021-01-18T09:04:00+00:00\",\"breadcrumb\":{\"@id\":\"https:\\\/\\\/www.casacalcalot.cat\\\/fr\\\/reservations\\\/#breadcrumb\"},\"inLanguage\":\"fr-FR\",\"potentialAction\":[{\"@type\":\"ReadAction\",\"target\":[\"https:\\\/\\\/www.casacalcalot.cat\\\/fr\\\/reservations\\\/\"]}]},{\"@type\":\"BreadcrumbList\",\"@id\":\"https:\\\/\\\/www.casacalcalot.cat\\\/fr\\\/reservations\\\/#breadcrumb\",\"itemListElement\":[{\"@type\":\"ListItem\",\"position\":1,\"name\":\"Inici\",\"item\":\"https:\\\/\\\/www.casacalcalot.cat\\\/fr\\\/accueil-2\\\/\"},{\"@type\":\"ListItem\",\"position\":2,\"name\":\"Reservations\"}]},{\"@type\":\"WebSite\",\"@id\":\"https:\\\/\\\/www.casacalcalot.cat\\\/#website\",\"url\":\"https:\\\/\\\/www.casacalcalot.cat\\\/\",\"name\":\"Casa Cal Calot\",\"description\":\"Casa de turisme rural a Casserres (Bergued\u00e0)\",\"potentialAction\":[{\"@type\":\"SearchAction\",\"target\":{\"@type\":\"EntryPoint\",\"urlTemplate\":\"https:\\\/\\\/www.casacalcalot.cat\\\/?s={search_term_string}\"},\"query-input\":{\"@type\":\"PropertyValueSpecification\",\"valueRequired\":true,\"valueName\":\"search_term_string\"}}],\"inLanguage\":\"fr-FR\"}]}<\/script>\n<!-- \/ Yoast SEO plugin. -->","yoast_head_json":{"title":"Reservations - Casa Cal Calot","robots":{"index":"index","follow":"follow","max-snippet":"max-snippet:-1","max-image-preview":"max-image-preview:large","max-video-preview":"max-video-preview:-1"},"canonical":"https:\/\/www.casacalcalot.cat\/fr\/reservations\/","og_locale":"fr_FR","og_type":"article","og_title":"Reservations - Casa Cal Calot","og_url":"https:\/\/www.casacalcalot.cat\/fr\/reservations\/","og_site_name":"Casa Cal Calot","article_modified_time":"2021-01-18T09:04:00+00:00","twitter_card":"summary_large_image","twitter_misc":{"Dur\u00e9e de lecture estim\u00e9e":"4 minutes"},"schema":{"@context":"https:\/\/schema.org","@graph":[{"@type":"WebPage","@id":"https:\/\/www.casacalcalot.cat\/fr\/reservations\/","url":"https:\/\/www.casacalcalot.cat\/fr\/reservations\/","name":"Reservations - Casa Cal Calot","isPartOf":{"@id":"https:\/\/www.casacalcalot.cat\/#website"},"datePublished":"2016-12-20T07:14:18+00:00","dateModified":"2021-01-18T09:04:00+00:00","breadcrumb":{"@id":"https:\/\/www.casacalcalot.cat\/fr\/reservations\/#breadcrumb"},"inLanguage":"fr-FR","potentialAction":[{"@type":"ReadAction","target":["https:\/\/www.casacalcalot.cat\/fr\/reservations\/"]}]},{"@type":"BreadcrumbList","@id":"https:\/\/www.casacalcalot.cat\/fr\/reservations\/#breadcrumb","itemListElement":[{"@type":"ListItem","position":1,"name":"Inici","item":"https:\/\/www.casacalcalot.cat\/fr\/accueil-2\/"},{"@type":"ListItem","position":2,"name":"Reservations"}]},{"@type":"WebSite","@id":"https:\/\/www.casacalcalot.cat\/#website","url":"https:\/\/www.casacalcalot.cat\/","name":"Casa Cal Calot","description":"Casa de turisme rural a Casserres (Bergued\u00e0)","potentialAction":[{"@type":"SearchAction","target":{"@type":"EntryPoint","urlTemplate":"https:\/\/www.casacalcalot.cat\/?s={search_term_string}"},"query-input":{"@type":"PropertyValueSpecification","valueRequired":true,"valueName":"search_term_string"}}],"inLanguage":"fr-FR"}]}},"_links":{"self":[{"href":"https:\/\/www.casacalcalot.cat\/fr\/wp-json\/wp\/v2\/pages\/649","targetHints":{"allow":["GET"]}}],"collection":[{"href":"https:\/\/www.casacalcalot.cat\/fr\/wp-json\/wp\/v2\/pages"}],"about":[{"href":"https:\/\/www.casacalcalot.cat\/fr\/wp-json\/wp\/v2\/types\/page"}],"author":[{"embeddable":true,"href":"https:\/\/www.casacalcalot.cat\/fr\/wp-json\/wp\/v2\/users\/1"}],"replies":[{"embeddable":true,"href":"https:\/\/www.casacalcalot.cat\/fr\/wp-json\/wp\/v2\/comments?post=649"}],"version-history":[{"count":10,"href":"https:\/\/www.casacalcalot.cat\/fr\/wp-json\/wp\/v2\/pages\/649\/revisions"}],"predecessor-version":[{"id":3454,"href":"https:\/\/www.casacalcalot.cat\/fr\/wp-json\/wp\/v2\/pages\/649\/revisions\/3454"}],"wp:attachment":[{"href":"https:\/\/www.casacalcalot.cat\/fr\/wp-json\/wp\/v2\/media?parent=649"}],"curies":[{"name":"wp","href":"https:\/\/api.w.org\/{rel}","templated":true}]}}