{"id":1723,"date":"2018-09-07T09:33:50","date_gmt":"2018-09-07T09:33:50","guid":{"rendered":"http:\/\/www.casacalcalot.cat\/?page_id=1723"},"modified":"2018-09-07T10:06:23","modified_gmt":"2018-09-07T10:06:23","slug":"ermitage","status":"publish","type":"page","link":"https:\/\/www.casacalcalot.cat\/fr\/ermitage\/","title":{"rendered":"Ermitage"},"content":{"rendered":"\n<style type=\"text\/css\" data-created_by=\"avia_inline_auto\" id=\"style-css-av-6dppnv-94c2ccca0b8caedeadf8615b81135ebd\">\n.flex_column.av-6dppnv-94c2ccca0b8caedeadf8615b81135ebd{\nborder-radius:0px 0px 0px 0px;\npadding:0px 0px 0px 0px;\n}\n<\/style>\n<div  class='flex_column av-6dppnv-94c2ccca0b8caedeadf8615b81135ebd av_three_fifth  avia-builder-el-0  el_before_av_two_fifth  avia-builder-el-first  first flex_column_div av-zero-column-padding  '     ><p>\n<style type=\"text\/css\" data-created_by=\"avia_inline_auto\" id=\"style-css-av-jlrsxt7c-8b463abcee1d3a335c2de39dbb76a8d3\">\n#top .av-special-heading.av-jlrsxt7c-8b463abcee1d3a335c2de39dbb76a8d3{\npadding-bottom:10px;\n}\nbody .av-special-heading.av-jlrsxt7c-8b463abcee1d3a335c2de39dbb76a8d3 .av-special-heading-tag .heading-char{\nfont-size:25px;\n}\n.av-special-heading.av-jlrsxt7c-8b463abcee1d3a335c2de39dbb76a8d3 .av-subheading{\nfont-size:15px;\n}\n<\/style>\n<div  class='av-special-heading av-jlrsxt7c-8b463abcee1d3a335c2de39dbb76a8d3 av-special-heading-h2 blockquote modern-quote  avia-builder-el-1  el_before_av_textblock  avia-builder-el-first '><h2 class='av-special-heading-tag '  itemprop=\"headline\"  >Ermitage de Sant Lle\u00efr<\/h2><div class=\"special-heading-border\"><div class=\"special-heading-inner-border\"><\/div><\/div><\/div><br \/>\n<section  class='av_textblock_section av-jlrsz0n5-3fabc3c0ebc647442feec1289e45fd3a '   itemscope=\"itemscope\" itemtype=\"https:\/\/schema.org\/CreativeWork\" ><div class='avia_textblock'  itemprop=\"text\" ><p><strong>Sant Lle\u00efr de Casabell<\/strong>a est un ermitage d\u2019art roman des si\u00e8cles XI-XIII, document\u00e9 depuis l\u2019ann\u00e9e 1040. L\u2019ensemble est form\u00e9 par une chapelle, un porche avec trois arches ogivales et le cimeti\u00e8re. L\u2019ermitage se trouve \u00e0 987m d\u2019altitude sur le flanc du versant nord de la colline de Sant Lle\u00efr, entre le torrent de la Barata (\u00e0 l\u2019est) et la rivi\u00e8re Cardener (\u00e0 l\u2019ouest) et seulement \u00e0 <strong>20m de Cal Calot<\/strong>.<\/p>\n<p><strong>C\u2019est un monument prot\u00e9g\u00e9 par l\u2019inventaire du Patrimoine Architectonique Catalan<\/strong>.<\/p>\n<\/div><\/section><br \/>\n\n<style type=\"text\/css\" data-created_by=\"avia_inline_auto\" id=\"style-css-av-3lktff-6e29b576fd6789afd382c8bb9d801400\">\n.avia-image-container.av-3lktff-6e29b576fd6789afd382c8bb9d801400 img.avia_image{\nbox-shadow:none;\n}\n.avia-image-container.av-3lktff-6e29b576fd6789afd382c8bb9d801400 .av-image-caption-overlay-center{\ncolor:#ffffff;\n}\n<\/style>\n<div  class='avia-image-container av-3lktff-6e29b576fd6789afd382c8bb9d801400 av-styling- avia-align-center  avia-builder-el-3  el_after_av_textblock  avia-builder-el-last '   itemprop=\"image\" itemscope=\"itemscope\" itemtype=\"https:\/\/schema.org\/ImageObject\" ><div class=\"avia-image-container-inner\"><div class=\"avia-image-overlay-wrap\"><img decoding=\"async\" fetchpriority=\"high\" class='wp-image-1482 avia-img-lazy-loading-not-1482 avia_image ' src=\"https:\/\/www.casacalcalot.cat\/wp-content\/uploads\/2018\/02\/cal-calot-15-845x321.jpg\" alt='' title='cal-calot-15'  height=\"321\" width=\"845\"  itemprop=\"thumbnailUrl\"  \/><\/div><\/div><\/div><\/p><\/div>\n\n<style type=\"text\/css\" data-created_by=\"avia_inline_auto\" id=\"style-css-av-8glu3-657ce926dbc6900863e79db1ffc93499\">\n.flex_column.av-8glu3-657ce926dbc6900863e79db1ffc93499{\nborder-radius:0px 0px 0px 0px;\npadding:0px 0px 0px 0px;\n}\n<\/style>\n<div  class='flex_column av-8glu3-657ce926dbc6900863e79db1ffc93499 av_two_fifth  avia-builder-el-4  el_after_av_three_fifth  avia-builder-el-last  flex_column_div av-zero-column-padding  '     ><section  class='av_textblock_section av-jlrszhat-d3ef8e47997896d507111b1f450d3312 '   itemscope=\"itemscope\" itemtype=\"https:\/\/schema.org\/CreativeWork\" ><div class='avia_textblock'  itemprop=\"text\" ><blockquote>\n<p>Nous vous offrons la possibilit\u00e9 de louer l\u2019ermitage pour y c\u00e9l\u00e9brer vos \u00e9v\u00e8nements d\u2019une fa\u00e7on intime (capacit\u00e9 d\u2019entre 20 et 25 personnes approximativement).<\/p>\n<p>Id\u00e9al pour faire de vos c\u00e9l\u00e9brations des f\u00eates intimes et romantiques dans un environnement naturel et splendide.<\/p>\n<p>Que f\u00eatez-vous\u00a0?<\/p>\n<p>On en parle\u00a0?<\/p>\n<\/blockquote>\n<\/div><\/section><\/div>\n","protected":false},"excerpt":{"rendered":"","protected":false},"author":1,"featured_media":0,"parent":0,"menu_order":0,"comment_status":"closed","ping_status":"closed","template":"","meta":{"footnotes":""},"class_list":["post-1723","page","type-page","status-publish","hentry"],"yoast_head":"<!-- This site is optimized with the Yoast SEO plugin v27.5 - https:\/\/yoast.com\/product\/yoast-seo-wordpress\/ -->\n<title>Ermitage - Casa Cal Calot<\/title>\n<meta name=\"robots\" content=\"index, follow, max-snippet:-1, max-image-preview:large, max-video-preview:-1\" \/>\n<link rel=\"canonical\" href=\"https:\/\/www.casacalcalot.cat\/fr\/ermitage\/\" \/>\n<meta property=\"og:locale\" content=\"fr_FR\" \/>\n<meta property=\"og:type\" content=\"article\" \/>\n<meta property=\"og:title\" content=\"Ermitage - Casa Cal Calot\" \/>\n<meta property=\"og:url\" content=\"https:\/\/www.casacalcalot.cat\/fr\/ermitage\/\" \/>\n<meta property=\"og:site_name\" content=\"Casa Cal Calot\" \/>\n<meta property=\"article:modified_time\" content=\"2018-09-07T10:06:23+00:00\" \/>\n<meta name=\"twitter:card\" content=\"summary_large_image\" \/>\n<meta name=\"twitter:label1\" content=\"Dur\u00e9e de lecture estim\u00e9e\" \/>\n\t<meta name=\"twitter:data1\" content=\"2 minutes\" \/>\n<script type=\"application\/ld+json\" class=\"yoast-schema-graph\">{\"@context\":\"https:\\\/\\\/schema.org\",\"@graph\":[{\"@type\":\"WebPage\",\"@id\":\"https:\\\/\\\/www.casacalcalot.cat\\\/fr\\\/ermitage\\\/\",\"url\":\"https:\\\/\\\/www.casacalcalot.cat\\\/fr\\\/ermitage\\\/\",\"name\":\"Ermitage - Casa Cal Calot\",\"isPartOf\":{\"@id\":\"https:\\\/\\\/www.casacalcalot.cat\\\/#website\"},\"datePublished\":\"2018-09-07T09:33:50+00:00\",\"dateModified\":\"2018-09-07T10:06:23+00:00\",\"breadcrumb\":{\"@id\":\"https:\\\/\\\/www.casacalcalot.cat\\\/fr\\\/ermitage\\\/#breadcrumb\"},\"inLanguage\":\"fr-FR\",\"potentialAction\":[{\"@type\":\"ReadAction\",\"target\":[\"https:\\\/\\\/www.casacalcalot.cat\\\/fr\\\/ermitage\\\/\"]}]},{\"@type\":\"BreadcrumbList\",\"@id\":\"https:\\\/\\\/www.casacalcalot.cat\\\/fr\\\/ermitage\\\/#breadcrumb\",\"itemListElement\":[{\"@type\":\"ListItem\",\"position\":1,\"name\":\"Inici\",\"item\":\"https:\\\/\\\/www.casacalcalot.cat\\\/fr\\\/accueil-2\\\/\"},{\"@type\":\"ListItem\",\"position\":2,\"name\":\"Ermitage\"}]},{\"@type\":\"WebSite\",\"@id\":\"https:\\\/\\\/www.casacalcalot.cat\\\/#website\",\"url\":\"https:\\\/\\\/www.casacalcalot.cat\\\/\",\"name\":\"Casa Cal Calot\",\"description\":\"Casa de turisme rural a Casserres (Bergued\u00e0)\",\"potentialAction\":[{\"@type\":\"SearchAction\",\"target\":{\"@type\":\"EntryPoint\",\"urlTemplate\":\"https:\\\/\\\/www.casacalcalot.cat\\\/?s={search_term_string}\"},\"query-input\":{\"@type\":\"PropertyValueSpecification\",\"valueRequired\":true,\"valueName\":\"search_term_string\"}}],\"inLanguage\":\"fr-FR\"}]}<\/script>\n<!-- \/ Yoast SEO plugin. -->","yoast_head_json":{"title":"Ermitage - Casa Cal Calot","robots":{"index":"index","follow":"follow","max-snippet":"max-snippet:-1","max-image-preview":"max-image-preview:large","max-video-preview":"max-video-preview:-1"},"canonical":"https:\/\/www.casacalcalot.cat\/fr\/ermitage\/","og_locale":"fr_FR","og_type":"article","og_title":"Ermitage - Casa Cal Calot","og_url":"https:\/\/www.casacalcalot.cat\/fr\/ermitage\/","og_site_name":"Casa Cal Calot","article_modified_time":"2018-09-07T10:06:23+00:00","twitter_card":"summary_large_image","twitter_misc":{"Dur\u00e9e de lecture estim\u00e9e":"2 minutes"},"schema":{"@context":"https:\/\/schema.org","@graph":[{"@type":"WebPage","@id":"https:\/\/www.casacalcalot.cat\/fr\/ermitage\/","url":"https:\/\/www.casacalcalot.cat\/fr\/ermitage\/","name":"Ermitage - Casa Cal Calot","isPartOf":{"@id":"https:\/\/www.casacalcalot.cat\/#website"},"datePublished":"2018-09-07T09:33:50+00:00","dateModified":"2018-09-07T10:06:23+00:00","breadcrumb":{"@id":"https:\/\/www.casacalcalot.cat\/fr\/ermitage\/#breadcrumb"},"inLanguage":"fr-FR","potentialAction":[{"@type":"ReadAction","target":["https:\/\/www.casacalcalot.cat\/fr\/ermitage\/"]}]},{"@type":"BreadcrumbList","@id":"https:\/\/www.casacalcalot.cat\/fr\/ermitage\/#breadcrumb","itemListElement":[{"@type":"ListItem","position":1,"name":"Inici","item":"https:\/\/www.casacalcalot.cat\/fr\/accueil-2\/"},{"@type":"ListItem","position":2,"name":"Ermitage"}]},{"@type":"WebSite","@id":"https:\/\/www.casacalcalot.cat\/#website","url":"https:\/\/www.casacalcalot.cat\/","name":"Casa Cal Calot","description":"Casa de turisme rural a Casserres (Bergued\u00e0)","potentialAction":[{"@type":"SearchAction","target":{"@type":"EntryPoint","urlTemplate":"https:\/\/www.casacalcalot.cat\/?s={search_term_string}"},"query-input":{"@type":"PropertyValueSpecification","valueRequired":true,"valueName":"search_term_string"}}],"inLanguage":"fr-FR"}]}},"_links":{"self":[{"href":"https:\/\/www.casacalcalot.cat\/fr\/wp-json\/wp\/v2\/pages\/1723","targetHints":{"allow":["GET"]}}],"collection":[{"href":"https:\/\/www.casacalcalot.cat\/fr\/wp-json\/wp\/v2\/pages"}],"about":[{"href":"https:\/\/www.casacalcalot.cat\/fr\/wp-json\/wp\/v2\/types\/page"}],"author":[{"embeddable":true,"href":"https:\/\/www.casacalcalot.cat\/fr\/wp-json\/wp\/v2\/users\/1"}],"replies":[{"embeddable":true,"href":"https:\/\/www.casacalcalot.cat\/fr\/wp-json\/wp\/v2\/comments?post=1723"}],"version-history":[{"count":7,"href":"https:\/\/www.casacalcalot.cat\/fr\/wp-json\/wp\/v2\/pages\/1723\/revisions"}],"predecessor-version":[{"id":1747,"href":"https:\/\/www.casacalcalot.cat\/fr\/wp-json\/wp\/v2\/pages\/1723\/revisions\/1747"}],"wp:attachment":[{"href":"https:\/\/www.casacalcalot.cat\/fr\/wp-json\/wp\/v2\/media?parent=1723"}],"curies":[{"name":"wp","href":"https:\/\/api.w.org\/{rel}","templated":true}]}}