{"id":1706,"date":"2018-09-07T08:38:56","date_gmt":"2018-09-07T08:38:56","guid":{"rendered":"http:\/\/www.casacalcalot.cat\/?page_id=1706"},"modified":"2026-04-13T07:58:21","modified_gmt":"2026-04-13T07:58:21","slug":"accueil-2","status":"publish","type":"page","link":"https:\/\/www.casacalcalot.cat\/fr\/","title":{"rendered":"Accueil"},"content":{"rendered":"<div   class='avia-fullscreen-slider main_color   avia-builder-el-0  el_before_av_one_full  avia-builder-el-first  container_wrap fullsize'  >\n<style type=\"text\/css\" data-created_by=\"avia_inline_auto\" id=\"style-css-av-fyb6ve-e549873135e814ba424a9c344c33be10\">\n#top #wrap_all .avia-slideshow .av-slideshow-caption.av-fyb6ve-e549873135e814ba424a9c344c33be10__4 .avia-caption-title{\ncolor:#ffffff;\n}\n#top #wrap_all .avia-slideshow .av-slideshow-caption.av-fyb6ve-e549873135e814ba424a9c344c33be10__5 .avia-caption-title{\ncolor:#ffffff;\n}\n<\/style>\n<a href='#next-section' title='' class='scroll-down-link av-control-default avia-svg-icon avia-font-svg_entypo-fontello' data-av_svg_icon='down-open-mini' data-av_iconset='svg_entypo-fontello'><svg version=\"1.1\" xmlns=\"http:\/\/www.w3.org\/2000\/svg\" width=\"15\" height=\"32\" viewBox=\"0 0 15 32\" preserveAspectRatio=\"xMidYMid meet\" aria-labelledby='av-svg-title-1' aria-describedby='av-svg-desc-1' role=\"graphics-symbol\" aria-hidden=\"true\">\n<title id='av-svg-title-1'>Scroller vers la prochaine section<\/title>\n<desc id='av-svg-desc-1'>Scroller vers la prochaine section<\/desc>\n<path d=\"M12.96 12.16q0.704-0.832 1.536 0 0.832 0.704 0 1.536l-6.272 6.144q-0.704 0.704-1.536 0l-6.272-6.144q-0.832-0.832 0-1.536 0.768-0.768 1.6 0l5.44 4.992z\"><\/path>\n<\/svg><\/a><div  class='avia-slideshow av-fyb6ve-e549873135e814ba424a9c344c33be10 avia-slideshow-extra_large av_fullscreen avia-slide-slider av-slideshow-ui av-control-default av-slideshow-autoplay av-loop-endless av-loop-manual-endless av-slider-scroll-down-active av-default-height-applied   avia-slideshow-1' data-slideshow-options=\"{&quot;animation&quot;:&quot;slide&quot;,&quot;autoplay&quot;:true,&quot;loop_autoplay&quot;:&quot;endless&quot;,&quot;interval&quot;:5,&quot;loop_manual&quot;:&quot;manual-endless&quot;,&quot;autoplay_stopper&quot;:false,&quot;noNavigation&quot;:false,&quot;bg_slider&quot;:true,&quot;keep_padding&quot;:false,&quot;hoverpause&quot;:false,&quot;show_slide_delay&quot;:0,&quot;slide_height&quot;:&quot;100&quot;,&quot;image_attachment&quot;:&quot;&quot;}\"  itemprop=\"image\" itemscope=\"itemscope\" itemtype=\"https:\/\/schema.org\/ImageObject\" ><ul class='avia-slideshow-inner ' style='padding-bottom: 75%;'><li style='background-position:center center;' data-img-url='https:\/\/www.casacalcalot.cat\/wp-content\/uploads\/2023\/07\/20230721_113258-tumbona-1-1500x1125.jpg' class='avia-slideshow-slide av-fyb6ve-e549873135e814ba424a9c344c33be10__0  slide-1 slide-odd'><div data-rel='slideshow-1' class='avia-slide-wrap '   ><\/div><\/li><li style='background-position:center center;' data-img-url='https:\/\/www.casacalcalot.cat\/wp-content\/uploads\/2021\/03\/P1120115-1500x1125.jpg' class='avia-slideshow-slide av-fyb6ve-e549873135e814ba424a9c344c33be10__1  slide-2 slide-even'><div data-rel='slideshow-1' class='avia-slide-wrap '   ><\/div><\/li><li style='background-position:top center;' data-img-url='https:\/\/www.casacalcalot.cat\/wp-content\/uploads\/2021\/03\/P1120403-1500x1125.jpg' class='avia-slideshow-slide av-fyb6ve-e549873135e814ba424a9c344c33be10__2  slide-3 slide-odd'><div data-rel='slideshow-1' class='avia-slide-wrap '   ><\/div><\/li><li style='background-position:center center;' data-img-url='https:\/\/www.casacalcalot.cat\/wp-content\/uploads\/2021\/03\/P1120102-1500x1125.jpg' class='avia-slideshow-slide av-fyb6ve-e549873135e814ba424a9c344c33be10__3  slide-4 slide-even'><div data-rel='slideshow-1' class='avia-slide-wrap '   ><\/div><\/li><li style='background-position:center center;' data-img-url='https:\/\/www.casacalcalot.cat\/wp-content\/uploads\/2021\/03\/P1120415-1500x1125.jpg' class='avia-slideshow-slide av-fyb6ve-e549873135e814ba424a9c344c33be10__4  slide-5 slide-odd'><div data-rel='slideshow-1' class='avia-slide-wrap '   ><\/div><\/li><li style='background-position:center center;' data-img-url='https:\/\/www.casacalcalot.cat\/wp-content\/uploads\/2018\/07\/Casa-Cal-Calot-17-1500x1125.jpg' class='avia-slideshow-slide av-fyb6ve-e549873135e814ba424a9c344c33be10__5  slide-6 slide-even'><div data-rel='slideshow-1' class='avia-slide-wrap '   ><div class='av-slideshow-caption av-fyb6ve-e549873135e814ba424a9c344c33be10__5 caption_fullwidth caption_left'><div class=\"container caption_container\"><div class=\"slideshow_caption\"><div class=\"slideshow_inner_caption\"><div class=\"slideshow_align_caption\"><h2 class='avia-caption-title '  itemprop=\"name\" >Salle de bain dans toutes les chambres.<\/h2><\/div><\/div><\/div><\/div><\/div><\/div><\/li><li style='background-position:center center;' data-img-url='https:\/\/www.casacalcalot.cat\/wp-content\/uploads\/2021\/03\/P1120393-1500x1125.jpg' class='avia-slideshow-slide av-fyb6ve-e549873135e814ba424a9c344c33be10__6  slide-7 slide-odd'><div data-rel='slideshow-1' class='avia-slide-wrap '   ><\/div><\/li><\/ul><div class='avia-slideshow-arrows avia-slideshow-controls' ><a href='#prev' class='prev-slide  avia-svg-icon avia-font-svg_entypo-fontello' data-av_svg_icon='left-open-big' data-av_iconset='svg_entypo-fontello' tabindex='-1' title=\"Pr\u00e9c\u00e9dent\"><svg version=\"1.1\" xmlns=\"http:\/\/www.w3.org\/2000\/svg\" width=\"15\" height=\"32\" viewBox=\"0 0 15 32\" preserveAspectRatio=\"xMidYMid meet\" aria-labelledby='av-svg-title-2' aria-describedby='av-svg-desc-2' role=\"graphics-symbol\" aria-hidden=\"true\">\n<title id='av-svg-title-2'>Pr\u00e9c\u00e9dent<\/title>\n<desc id='av-svg-desc-2'>Pr\u00e9c\u00e9dent<\/desc>\n<path d=\"M14.464 27.84q0.832 0.832 0 1.536-0.832 0.832-1.536 0l-12.544-12.608q-0.768-0.768 0-1.6l12.544-12.608q0.704-0.832 1.536 0 0.832 0.704 0 1.536l-11.456 11.904z\"><\/path>\n<\/svg><span class='avia_hidden_link_text'>Pr\u00e9c\u00e9dent<\/span><\/a><a href='#next' class='next-slide  avia-svg-icon avia-font-svg_entypo-fontello' data-av_svg_icon='right-open-big' data-av_iconset='svg_entypo-fontello' tabindex='-1' title=\"Suivant\"><svg version=\"1.1\" xmlns=\"http:\/\/www.w3.org\/2000\/svg\" width=\"15\" height=\"32\" viewBox=\"0 0 15 32\" preserveAspectRatio=\"xMidYMid meet\" aria-labelledby='av-svg-title-3' aria-describedby='av-svg-desc-3' role=\"graphics-symbol\" aria-hidden=\"true\">\n<title id='av-svg-title-3'>Suivant<\/title>\n<desc id='av-svg-desc-3'>Suivant<\/desc>\n<path d=\"M0.416 27.84l11.456-11.84-11.456-11.904q-0.832-0.832 0-1.536 0.832-0.832 1.536 0l12.544 12.608q0.768 0.832 0 1.6l-12.544 12.608q-0.704 0.832-1.536 0-0.832-0.704 0-1.536z\"><\/path>\n<\/svg><span class='avia_hidden_link_text'>Suivant<\/span><\/a><\/div><div class='avia-slideshow-dots avia-slideshow-controls'><a href='#1' class='goto-slide active' >1<\/a><a href='#2' class='goto-slide ' >2<\/a><a href='#3' class='goto-slide ' >3<\/a><a href='#4' class='goto-slide ' >4<\/a><a href='#5' class='goto-slide ' >5<\/a><a href='#6' class='goto-slide ' >6<\/a><a href='#7' class='goto-slide ' >7<\/a><\/div><\/div><\/div><div id='after_full_slider_1'  class='main_color av_default_container_wrap container_wrap fullsize'  ><div class='container av-section-cont-open' ><div class='template-page content  av-content-full alpha units'><div class='post-entry post-entry-type-page post-entry-1706'><div class='entry-content-wrapper clearfix'>\n\n<style type=\"text\/css\" data-created_by=\"avia_inline_auto\" id=\"style-css-av-f2bctm-54d69879c2c0738dd89805e1783d5a11\">\n.flex_column.av-f2bctm-54d69879c2c0738dd89805e1783d5a11{\nborder-radius:0px 0px 0px 0px;\npadding:0px 0px 0px 0px;\n}\n<\/style>\n<div  class='flex_column av-f2bctm-54d69879c2c0738dd89805e1783d5a11 av_one_full  avia-builder-el-1  el_after_av_fullscreen  el_before_av_google_map  avia-builder-el-no-sibling  first flex_column_div av-zero-column-padding  '     ><section  class='av_textblock_section av-jlrqwhoj-f61c1ea2aff6af60ad44beaf369f00d8 '   itemscope=\"itemscope\" itemtype=\"https:\/\/schema.org\/CreativeWork\" ><div class='avia_textblock'  itemprop=\"text\" ><p>Cal Calot est une <strong>ancienne ferme<\/strong>, situ\u00e9e \u00e0 990m dans la \u201cVall de Lord\u201d. Il partage les environs avec l&rsquo;ermitage roman de St. Lle\u00efr de Casabella.<\/p>\n<p>Au fil des ann\u00e9es, la maison est venue dans notre famille, et maintenant nous, un couple jeune et entreprenant, amoureux de la vie rurale et amoureux de cet environnement, avons d\u00e9cid\u00e9 de nous consacrer \u00e0 l&rsquo;agriculture. Afin de compl\u00e9ter les travaux agricoles, nous avons d\u00e9cid\u00e9 de restaurer la maison et de la proposer en g\u00eete rural et donc de la pr\u00e9server.<\/p>\n<blockquote>\n<p>Nous sommes ravis de partager ce \u00abmorceau de paradis\u00bb et de lui donner vie.<\/p>\n<\/blockquote>\n<p>La maison a \u00e9t\u00e9 enti\u00e8rement r\u00e9nov\u00e9e et bien \u00e9quip\u00e9e, et est<strong> rustique mais moderne dans le style<\/strong> et <strong>les finitions de qualit\u00e9<\/strong>. Chaque chambre a sa propre salle de bain et parquet au sol, offrant un <strong>confort pour les plus grands et aussi pour les plus jeunes<\/strong>. Les espaces sont spacieux et lumineux, et vous pouvez partager ensemble des moments de longs rassemblements, des apr\u00e8s-midis de jeux de table, des soir\u00e9es \u00e0 la chaleur du feu et des barbecues \u00e9ternels qui durent jusqu&rsquo;au soir.<\/p>\n<p>L&rsquo;environnement naturel o\u00f9 la g\u00eete se trouve vous invite \u00e0 faire des promenades parmi les arbres et \u00e0 profiter d&rsquo;excellentes vues panoramiques. C&rsquo;est un <strong>environnement de grande beaut\u00e9<\/strong>, qui offre de nombreuses possibilit\u00e9s et surtout de la tranquillit\u00e9.<\/p>\n<p>Petits et grands, vivez <strong>l&rsquo;exp\u00e9rience enrichissante<\/strong> de voir nos vaches et moutons pa\u00eetre lentement, offrant ainsi un \u00ab\u00a0plus\u00a0\u00bb \u00e0 votre s\u00e9jour rural \u00e0 Cal Calot.<\/p>\n<p>Tous ces valeurs offrent une <strong>exp\u00e9rience formidable<\/strong> \u00e0 chaque s\u00e9jour.<\/p>\n<p>Bienvenue!<\/p>\n<\/div><\/section><\/div>\n<div  class='av_gmaps_sc_main_wrap av_gmaps_main_wrap '><div id='av_gmap_0' class='avia-google-map-container avia-google-map-sc av_gmaps_show_unconditionally av-no-fallback-img ' data-mapid='av_gmap_0'  style='height: 400px;'><a class=\"av_gmaps_browser_disabled av_text_confirm_link av_text_confirm_link_visible\" href=\"https:\/\/www.google.com\/maps\/search\/?api=1&#038;query=Cal%20Calot\" target=\"_blank\">Les cartes ont \u00e9t\u00e9 d\u00e9sactiv\u00e9es par le visiteur sur ce site. Cliquer pour ouvrir la carte dans une nouvelle fen\u00eatre.<\/a><\/div><\/div>\n\n<style type=\"text\/css\" data-created_by=\"avia_inline_auto\" id=\"style-css-av-b3jlyi-844eb7c5affb194a6482e6a2ef8e240d\">\n.avia-section.av-b3jlyi-844eb7c5affb194a6482e6a2ef8e240d{\nbackground-color:#eaeaea;\nbackground-image:unset;\n}\n<\/style>\n<div id='av_section_1'  class='avia-section av-b3jlyi-844eb7c5affb194a6482e6a2ef8e240d main_color avia-section-default avia-no-shadow  avia-builder-el-4  el_after_av_google_map  avia-builder-el-last  avia-bg-style-scroll container_wrap fullsize'  ><div class='container av-section-cont-open' ><div class='template-page content  av-content-full alpha units'><div class='post-entry post-entry-type-page post-entry-1706'><div class='entry-content-wrapper clearfix'>\n\n<style type=\"text\/css\" data-created_by=\"avia_inline_auto\" id=\"style-css-av-9jkndm-6fd0726ab98663d7a324751d49d7358e\">\n.flex_column.av-9jkndm-6fd0726ab98663d7a324751d49d7358e{\nborder-radius:0px 0px 0px 0px;\npadding:0px 0px 0px 0px;\n}\n<\/style>\n<div  class='flex_column av-9jkndm-6fd0726ab98663d7a324751d49d7358e av_three_fifth  avia-builder-el-5  el_before_av_one_fifth  avia-builder-el-first  first flex_column_div av-zero-column-padding  '     ><section  class='av_textblock_section av-jlrqza6l-540f2a01842f70670ac5a787e8100d51 '   itemscope=\"itemscope\" itemtype=\"https:\/\/schema.org\/CreativeWork\" ><div class='avia_textblock'  itemprop=\"text\" ><blockquote>\n<p>Nous disposons aussi d\u2019autres maisons d\u2019agritourisme \u00e0 Casserres, dans la zone du Bergued\u00e0. Vous pouvez consulter <a title=\"Casa Barbats Casa rural a Casserres\" href=\"http:\/\/www.barbats.com\/\" target=\"_blank\" rel=\"noopener\">Casa Barbats<\/a>,qui offre 4 maisons rurales (qui peuvent accueillir jusqu\u2019\u00e0 17 personnes) et la maison de campagne\u00a0<a title=\"Masia Cal F\u00e0brega Casa rural a Casserres\" href=\"http:\/\/www.masiacalfabrega.com\/\" target=\"_blank\" rel=\"noopener\">Masia Cal F\u00e0brega<\/a>\u00a0(pour de grands groupes allant jusqu\u2019\u00e0 30 personnes).<\/p>\n<\/blockquote>\n<\/div><\/section><\/div>\n<style type=\"text\/css\" data-created_by=\"avia_inline_auto\" id=\"style-css-av-80iwsa-1b0bb0f14ebb97c165aed1d4857ed706\">\n.flex_column.av-80iwsa-1b0bb0f14ebb97c165aed1d4857ed706{\nborder-radius:0px 0px 0px 0px;\npadding:0px 0px 0px 0px;\n}\n<\/style>\n<div  class='flex_column av-80iwsa-1b0bb0f14ebb97c165aed1d4857ed706 av_one_fifth  avia-builder-el-7  el_after_av_three_fifth  el_before_av_one_fifth  flex_column_div av-zero-column-padding  '     ><style type=\"text\/css\" data-created_by=\"avia_inline_auto\" id=\"style-css-av-6intoq-14b23ce0c30c958d24dafd2f7a94145e\">\n.avia-image-container.av-6intoq-14b23ce0c30c958d24dafd2f7a94145e img.avia_image{\nbox-shadow:none;\n}\n.avia-image-container.av-6intoq-14b23ce0c30c958d24dafd2f7a94145e .av-image-caption-overlay-center{\ncolor:#ffffff;\n}\n<\/style>\n<div  class='avia-image-container av-6intoq-14b23ce0c30c958d24dafd2f7a94145e av-styling- avia-align-center  avia-builder-el-8  avia-builder-el-no-sibling '   itemprop=\"image\" itemscope=\"itemscope\" itemtype=\"https:\/\/schema.org\/ImageObject\" ><div class=\"avia-image-container-inner\"><div class=\"avia-image-overlay-wrap\"><img decoding=\"async\" fetchpriority=\"high\" class='wp-image-1683 avia-img-lazy-loading-not-1683 avia_image ' src=\"https:\/\/www.casacalcalot.cat\/wp-content\/uploads\/2018\/07\/Barbats-Cal-Peu-Curt-26-180x180.jpg\" alt='' title='Barbats-Cal-Peu-Curt-26'  height=\"180\" width=\"180\"  itemprop=\"thumbnailUrl\" srcset=\"https:\/\/www.casacalcalot.cat\/wp-content\/uploads\/2018\/07\/Barbats-Cal-Peu-Curt-26-180x180.jpg 180w, https:\/\/www.casacalcalot.cat\/wp-content\/uploads\/2018\/07\/Barbats-Cal-Peu-Curt-26-80x80.jpg 80w, https:\/\/www.casacalcalot.cat\/wp-content\/uploads\/2018\/07\/Barbats-Cal-Peu-Curt-26-36x36.jpg 36w, https:\/\/www.casacalcalot.cat\/wp-content\/uploads\/2018\/07\/Barbats-Cal-Peu-Curt-26-120x120.jpg 120w, https:\/\/www.casacalcalot.cat\/wp-content\/uploads\/2018\/07\/Barbats-Cal-Peu-Curt-26-450x450.jpg 450w\" sizes=\"(max-width: 180px) 100vw, 180px\" \/><\/div><\/div><\/div><\/div>\n<style type=\"text\/css\" data-created_by=\"avia_inline_auto\" id=\"style-css-av-3l3vui-eb9209ddf64a19cf57b09793997bd4ea\">\n.flex_column.av-3l3vui-eb9209ddf64a19cf57b09793997bd4ea{\nborder-radius:0px 0px 0px 0px;\npadding:0px 0px 0px 0px;\n}\n<\/style>\n<div  class='flex_column av-3l3vui-eb9209ddf64a19cf57b09793997bd4ea av_one_fifth  avia-builder-el-9  el_after_av_one_fifth  avia-builder-el-last  flex_column_div av-zero-column-padding  '     ><style type=\"text\/css\" data-created_by=\"avia_inline_auto\" id=\"style-css-av-1w40x6-146b37e307f5b53c3ee5dba857cf6d56\">\n.avia-image-container.av-1w40x6-146b37e307f5b53c3ee5dba857cf6d56 img.avia_image{\nbox-shadow:none;\n}\n.avia-image-container.av-1w40x6-146b37e307f5b53c3ee5dba857cf6d56 .av-image-caption-overlay-center{\ncolor:#ffffff;\n}\n<\/style>\n<div  class='avia-image-container av-1w40x6-146b37e307f5b53c3ee5dba857cf6d56 av-styling- avia-align-center  avia-builder-el-10  avia-builder-el-no-sibling '   itemprop=\"image\" itemscope=\"itemscope\" itemtype=\"https:\/\/schema.org\/ImageObject\" ><div class=\"avia-image-container-inner\"><div class=\"avia-image-overlay-wrap\"><img decoding=\"async\" fetchpriority=\"high\" class='wp-image-3247 avia-img-lazy-loading-not-3247 avia_image ' src=\"https:\/\/www.casacalcalot.cat\/wp-content\/uploads\/2020\/06\/masia-cal-fabrega-180x180.jpg\" alt='' title='masia-cal-fabrega'  height=\"180\" width=\"180\"  itemprop=\"thumbnailUrl\" srcset=\"https:\/\/www.casacalcalot.cat\/wp-content\/uploads\/2020\/06\/masia-cal-fabrega-180x180.jpg 180w, https:\/\/www.casacalcalot.cat\/wp-content\/uploads\/2020\/06\/masia-cal-fabrega-80x80.jpg 80w, https:\/\/www.casacalcalot.cat\/wp-content\/uploads\/2020\/06\/masia-cal-fabrega-36x36.jpg 36w, https:\/\/www.casacalcalot.cat\/wp-content\/uploads\/2020\/06\/masia-cal-fabrega-120x120.jpg 120w, https:\/\/www.casacalcalot.cat\/wp-content\/uploads\/2020\/06\/masia-cal-fabrega-450x450.jpg 450w\" sizes=\"(max-width: 180px) 100vw, 180px\" \/><\/div><\/div><\/div><\/div>\n\n","protected":false},"excerpt":{"rendered":"","protected":false},"author":1,"featured_media":0,"parent":0,"menu_order":0,"comment_status":"closed","ping_status":"closed","template":"","meta":{"footnotes":""},"class_list":["post-1706","page","type-page","status-publish","hentry"],"yoast_head":"<!-- This site is optimized with the Yoast SEO plugin v27.5 - https:\/\/yoast.com\/product\/yoast-seo-wordpress\/ -->\n<title>Accueil - Casa Cal Calot<\/title>\n<meta name=\"robots\" content=\"index, follow, max-snippet:-1, max-image-preview:large, max-video-preview:-1\" \/>\n<link rel=\"canonical\" href=\"https:\/\/www.casacalcalot.cat\/fr\/accueil-2\/\" \/>\n<meta property=\"og:locale\" content=\"fr_FR\" \/>\n<meta property=\"og:type\" content=\"article\" \/>\n<meta property=\"og:title\" content=\"Accueil - Casa Cal Calot\" \/>\n<meta property=\"og:url\" content=\"https:\/\/www.casacalcalot.cat\/fr\/accueil-2\/\" \/>\n<meta property=\"og:site_name\" content=\"Casa Cal Calot\" \/>\n<meta property=\"article:modified_time\" content=\"2026-04-13T07:58:21+00:00\" \/>\n<meta name=\"twitter:card\" content=\"summary_large_image\" \/>\n<meta name=\"twitter:label1\" content=\"Dur\u00e9e de lecture estim\u00e9e\" \/>\n\t<meta name=\"twitter:data1\" content=\"3 minutes\" \/>\n<script type=\"application\/ld+json\" class=\"yoast-schema-graph\">{\"@context\":\"https:\\\/\\\/schema.org\",\"@graph\":[{\"@type\":\"WebPage\",\"@id\":\"https:\\\/\\\/www.casacalcalot.cat\\\/fr\\\/accueil-2\\\/\",\"url\":\"https:\\\/\\\/www.casacalcalot.cat\\\/fr\\\/accueil-2\\\/\",\"name\":\"Accueil - Casa Cal Calot\",\"isPartOf\":{\"@id\":\"https:\\\/\\\/www.casacalcalot.cat\\\/#website\"},\"datePublished\":\"2018-09-07T08:38:56+00:00\",\"dateModified\":\"2026-04-13T07:58:21+00:00\",\"breadcrumb\":{\"@id\":\"https:\\\/\\\/www.casacalcalot.cat\\\/fr\\\/accueil-2\\\/#breadcrumb\"},\"inLanguage\":\"fr-FR\",\"potentialAction\":[{\"@type\":\"ReadAction\",\"target\":[\"https:\\\/\\\/www.casacalcalot.cat\\\/fr\\\/accueil-2\\\/\"]}]},{\"@type\":\"BreadcrumbList\",\"@id\":\"https:\\\/\\\/www.casacalcalot.cat\\\/fr\\\/accueil-2\\\/#breadcrumb\",\"itemListElement\":[{\"@type\":\"ListItem\",\"position\":1,\"name\":\"Inici\",\"item\":\"https:\\\/\\\/www.casacalcalot.cat\\\/fr\\\/accueil-2\\\/\"},{\"@type\":\"ListItem\",\"position\":2,\"name\":\"Accueil\"}]},{\"@type\":\"WebSite\",\"@id\":\"https:\\\/\\\/www.casacalcalot.cat\\\/#website\",\"url\":\"https:\\\/\\\/www.casacalcalot.cat\\\/\",\"name\":\"Casa Cal Calot\",\"description\":\"Casa de turisme rural a Casserres (Bergued\u00e0)\",\"potentialAction\":[{\"@type\":\"SearchAction\",\"target\":{\"@type\":\"EntryPoint\",\"urlTemplate\":\"https:\\\/\\\/www.casacalcalot.cat\\\/?s={search_term_string}\"},\"query-input\":{\"@type\":\"PropertyValueSpecification\",\"valueRequired\":true,\"valueName\":\"search_term_string\"}}],\"inLanguage\":\"fr-FR\"}]}<\/script>\n<!-- \/ Yoast SEO plugin. -->","yoast_head_json":{"title":"Accueil - Casa Cal Calot","robots":{"index":"index","follow":"follow","max-snippet":"max-snippet:-1","max-image-preview":"max-image-preview:large","max-video-preview":"max-video-preview:-1"},"canonical":"https:\/\/www.casacalcalot.cat\/fr\/accueil-2\/","og_locale":"fr_FR","og_type":"article","og_title":"Accueil - Casa Cal Calot","og_url":"https:\/\/www.casacalcalot.cat\/fr\/accueil-2\/","og_site_name":"Casa Cal Calot","article_modified_time":"2026-04-13T07:58:21+00:00","twitter_card":"summary_large_image","twitter_misc":{"Dur\u00e9e de lecture estim\u00e9e":"3 minutes"},"schema":{"@context":"https:\/\/schema.org","@graph":[{"@type":"WebPage","@id":"https:\/\/www.casacalcalot.cat\/fr\/accueil-2\/","url":"https:\/\/www.casacalcalot.cat\/fr\/accueil-2\/","name":"Accueil - Casa Cal Calot","isPartOf":{"@id":"https:\/\/www.casacalcalot.cat\/#website"},"datePublished":"2018-09-07T08:38:56+00:00","dateModified":"2026-04-13T07:58:21+00:00","breadcrumb":{"@id":"https:\/\/www.casacalcalot.cat\/fr\/accueil-2\/#breadcrumb"},"inLanguage":"fr-FR","potentialAction":[{"@type":"ReadAction","target":["https:\/\/www.casacalcalot.cat\/fr\/accueil-2\/"]}]},{"@type":"BreadcrumbList","@id":"https:\/\/www.casacalcalot.cat\/fr\/accueil-2\/#breadcrumb","itemListElement":[{"@type":"ListItem","position":1,"name":"Inici","item":"https:\/\/www.casacalcalot.cat\/fr\/accueil-2\/"},{"@type":"ListItem","position":2,"name":"Accueil"}]},{"@type":"WebSite","@id":"https:\/\/www.casacalcalot.cat\/#website","url":"https:\/\/www.casacalcalot.cat\/","name":"Casa Cal Calot","description":"Casa de turisme rural a Casserres (Bergued\u00e0)","potentialAction":[{"@type":"SearchAction","target":{"@type":"EntryPoint","urlTemplate":"https:\/\/www.casacalcalot.cat\/?s={search_term_string}"},"query-input":{"@type":"PropertyValueSpecification","valueRequired":true,"valueName":"search_term_string"}}],"inLanguage":"fr-FR"}]}},"_links":{"self":[{"href":"https:\/\/www.casacalcalot.cat\/fr\/wp-json\/wp\/v2\/pages\/1706","targetHints":{"allow":["GET"]}}],"collection":[{"href":"https:\/\/www.casacalcalot.cat\/fr\/wp-json\/wp\/v2\/pages"}],"about":[{"href":"https:\/\/www.casacalcalot.cat\/fr\/wp-json\/wp\/v2\/types\/page"}],"author":[{"embeddable":true,"href":"https:\/\/www.casacalcalot.cat\/fr\/wp-json\/wp\/v2\/users\/1"}],"replies":[{"embeddable":true,"href":"https:\/\/www.casacalcalot.cat\/fr\/wp-json\/wp\/v2\/comments?post=1706"}],"version-history":[{"count":10,"href":"https:\/\/www.casacalcalot.cat\/fr\/wp-json\/wp\/v2\/pages\/1706\/revisions"}],"predecessor-version":[{"id":4143,"href":"https:\/\/www.casacalcalot.cat\/fr\/wp-json\/wp\/v2\/pages\/1706\/revisions\/4143"}],"wp:attachment":[{"href":"https:\/\/www.casacalcalot.cat\/fr\/wp-json\/wp\/v2\/media?parent=1706"}],"curies":[{"name":"wp","href":"https:\/\/api.w.org\/{rel}","templated":true}]}}