{"id":1059,"date":"2017-01-03T15:42:12","date_gmt":"2017-01-03T15:42:12","guid":{"rendered":"http:\/\/casacalcalot.cat\/?page_id=1059\/"},"modified":"2025-09-22T13:01:09","modified_gmt":"2025-09-22T13:01:09","slug":"tarifs","status":"publish","type":"page","link":"https:\/\/www.casacalcalot.cat\/fr\/tarifs\/","title":{"rendered":"Tarifs"},"content":{"rendered":"\n<style type=\"text\/css\" data-created_by=\"avia_inline_auto\" id=\"style-css-av-1ckfhv-57b001fa1db518143bebcb65002c4e9c\">\n.flex_column.av-1ckfhv-57b001fa1db518143bebcb65002c4e9c{\nborder-radius:0px 0px 0px 0px;\npadding:0px 0px 0px 0px;\n}\n<\/style>\n<div  class='flex_column av-1ckfhv-57b001fa1db518143bebcb65002c4e9c av_one_half  avia-builder-el-0  el_before_av_one_half  avia-builder-el-first  first flex_column_div av-zero-column-padding  '     ><p>\n<style type=\"text\/css\" data-created_by=\"avia_inline_auto\" id=\"style-css-av-20zc5f-c8bda7369a38272b769baa584e113cf8\">\n#top .av-special-heading.av-20zc5f-c8bda7369a38272b769baa584e113cf8{\npadding-bottom:0;\n}\nbody .av-special-heading.av-20zc5f-c8bda7369a38272b769baa584e113cf8 .av-special-heading-tag .heading-char{\nfont-size:25px;\n}\n.av-special-heading.av-20zc5f-c8bda7369a38272b769baa584e113cf8 .av-subheading{\nfont-size:15px;\n}\n<\/style>\n<div  class='av-special-heading av-20zc5f-c8bda7369a38272b769baa584e113cf8 av-special-heading-h2 blockquote modern-quote  avia-builder-el-1  el_before_av_hr  avia-builder-el-first '><h2 class='av-special-heading-tag '  itemprop=\"headline\"  >Tarifs<\/h2><div class=\"special-heading-border\"><div class=\"special-heading-inner-border\"><\/div><\/div><\/div><br \/>\n\n<style type=\"text\/css\" data-created_by=\"avia_inline_auto\" id=\"style-css-av-142koz-bc1b0701f8fc8e17bb85bf7b033ffdbb\">\n#top .hr.hr-invisible.av-142koz-bc1b0701f8fc8e17bb85bf7b033ffdbb{\nheight:15px;\n}\n<\/style>\n<div  class='hr av-142koz-bc1b0701f8fc8e17bb85bf7b033ffdbb hr-invisible  avia-builder-el-2  el_after_av_heading  el_before_av_textblock '><span class='hr-inner '><span class=\"hr-inner-style\"><\/span><\/span><\/div><br \/>\n\n<style type=\"text\/css\" data-created_by=\"avia_inline_auto\" id=\"style-css-av-y774j-efa5c05d578cb5d73deaffa0e310338d\">\n#top .av_textblock_section.av-y774j-efa5c05d578cb5d73deaffa0e310338d .avia_textblock{\nfont-size:20px;\n}\n<\/style>\n<section  class='av_textblock_section av-y774j-efa5c05d578cb5d73deaffa0e310338d '   itemscope=\"itemscope\" itemtype=\"https:\/\/schema.org\/CreativeWork\" ><div class='avia_textblock'  itemprop=\"text\" ><p>2026 &#8211; Prix par <strong>week-end<\/strong>:<\/p>\n<table>\n<tbody>\n<tr>\n<td width=\"192\"><strong>\u00a0<\/strong><\/p>\n<p><strong>Saison<\/strong><\/p>\n<p><strong>\u00a0<\/strong><\/td>\n<td width=\"192\"><strong>\u00a0<\/strong><\/p>\n<p><strong>Prix du week-end<\/strong><\/td>\n<td width=\"192\"><strong>\u00a0<\/strong><\/p>\n<p><strong>Lit suppl\u00e9mentaire<\/strong><\/td>\n<\/tr>\n<tr>\n<td width=\"192\">BS<\/td>\n<td width=\"192\">1170 euros<\/td>\n<td width=\"192\">40 euros<\/td>\n<\/tr>\n<tr>\n<td width=\"192\">MS<\/td>\n<td width=\"192\">1210 euros<\/td>\n<td width=\"192\">40 euros<\/td>\n<\/tr>\n<tr>\n<td width=\"192\">SH<\/td>\n<td width=\"192\">1285 euros<\/td>\n<td width=\"192\">40 euros<\/td>\n<\/tr>\n<tr>\n<td width=\"192\"><\/td>\n<td width=\"192\"><\/td>\n<td width=\"192\"><\/td>\n<\/tr>\n<\/tbody>\n<\/table>\n<\/div><\/section><br \/>\n\n<style type=\"text\/css\" data-created_by=\"avia_inline_auto\" id=\"style-css-av-t331f-d2d489ccce2887703db3ba6cd76b3f3a\">\n#top .av_textblock_section.av-t331f-d2d489ccce2887703db3ba6cd76b3f3a .avia_textblock{\nfont-size:11px;\n}\n<\/style>\n<section  class='av_textblock_section av-t331f-d2d489ccce2887703db3ba6cd76b3f3a '   itemscope=\"itemscope\" itemtype=\"https:\/\/schema.org\/CreativeWork\" ><div class='avia_textblock'  itemprop=\"text\" ><p>*Semaine enti\u00e8re, jours f\u00e9ri\u00e9s et ponts,\u00a0<a href=\"http:\/\/www.casacalcalot.cat\/fr\/reservations\/\">consultation<\/a>\u00a0des prix.<\/p>\n<p><em>Basse saison : Janvier, F\u00e9vrier, Novembre, D\u00e9cembre\u00a0<\/em><\/p>\n<p><em>Moyenne saison : Mars, Mai,\u00a0 Avril, Juin, Septembre, Octobre,<\/em><\/p>\n<p><em>Haute saison : Juillet, Ao\u00fbt<\/em><\/p>\n<\/div><\/section><\/p><\/div>\n<style type=\"text\/css\" data-created_by=\"avia_inline_auto\" id=\"style-css-av-jwbmr-8ff169505dea74dcdacb3bec31dc3163\">\n.flex_column.av-jwbmr-8ff169505dea74dcdacb3bec31dc3163{\nborder-radius:0px 0px 0px 0px;\npadding:0px 0px 0px 0px;\n}\n<\/style>\n<div  class='flex_column av-jwbmr-8ff169505dea74dcdacb3bec31dc3163 av_one_half  avia-builder-el-5  el_after_av_one_half  avia-builder-el-last  flex_column_div av-zero-column-padding  '     ><p>\n<style type=\"text\/css\" data-created_by=\"avia_inline_auto\" id=\"style-css-av-hno2z-c77ca294679a3c76710b13fd7ac541f4\">\n#top .hr.hr-invisible.av-hno2z-c77ca294679a3c76710b13fd7ac541f4{\nheight:15px;\n}\n<\/style>\n<div  class='hr av-hno2z-c77ca294679a3c76710b13fd7ac541f4 hr-invisible  avia-builder-el-6  el_before_av_button  avia-builder-el-first '><span class='hr-inner '><span class=\"hr-inner-style\"><\/span><\/span><\/div><br \/>\n<div  class='avia-button-wrap av-bhx23-c26dc220e3c52076024f95664b37e2f6-wrap avia-button-center  avia-builder-el-7  el_after_av_hr  avia-builder-el-last '><a href='https:\/\/www.casacalcalot.cat\/fr\/reservations\/'  class='avia-button av-bhx23-c26dc220e3c52076024f95664b37e2f6 av-link-btn avia-icon_select-yes-left-icon avia-size-x-large avia-position-center avia-color-theme-color'   aria-label=\"R\u00e9servez maintenant!\"><span class='avia_button_icon avia_button_icon_left avia-iconfont avia-font-entypo-fontello' data-av_icon='\ue812' data-av_iconfont='entypo-fontello' ><\/span><span class='avia_iconbox_title' >R\u00e9servez maintenant!<\/span><\/a><\/div><\/p><\/div><\/p>\n","protected":false},"excerpt":{"rendered":"","protected":false},"author":1,"featured_media":0,"parent":0,"menu_order":0,"comment_status":"closed","ping_status":"closed","template":"","meta":{"footnotes":""},"class_list":["post-1059","page","type-page","status-publish","hentry"],"yoast_head":"<!-- This site is optimized with the Yoast SEO plugin v27.5 - https:\/\/yoast.com\/product\/yoast-seo-wordpress\/ -->\n<title>Tarifs - Casa Cal Calot<\/title>\n<meta name=\"robots\" content=\"index, follow, max-snippet:-1, max-image-preview:large, max-video-preview:-1\" \/>\n<link rel=\"canonical\" href=\"https:\/\/www.casacalcalot.cat\/fr\/tarifs\/\" \/>\n<meta property=\"og:locale\" content=\"fr_FR\" \/>\n<meta property=\"og:type\" content=\"article\" \/>\n<meta property=\"og:title\" content=\"Tarifs - Casa Cal Calot\" \/>\n<meta property=\"og:url\" content=\"https:\/\/www.casacalcalot.cat\/fr\/tarifs\/\" \/>\n<meta property=\"og:site_name\" content=\"Casa Cal Calot\" \/>\n<meta property=\"article:modified_time\" content=\"2025-09-22T13:01:09+00:00\" \/>\n<meta name=\"twitter:card\" content=\"summary_large_image\" \/>\n<meta name=\"twitter:label1\" content=\"Dur\u00e9e de lecture estim\u00e9e\" \/>\n\t<meta name=\"twitter:data1\" content=\"1 minute\" \/>\n<script type=\"application\/ld+json\" class=\"yoast-schema-graph\">{\"@context\":\"https:\\\/\\\/schema.org\",\"@graph\":[{\"@type\":\"WebPage\",\"@id\":\"https:\\\/\\\/www.casacalcalot.cat\\\/fr\\\/tarifs\\\/\",\"url\":\"https:\\\/\\\/www.casacalcalot.cat\\\/fr\\\/tarifs\\\/\",\"name\":\"Tarifs - Casa Cal Calot\",\"isPartOf\":{\"@id\":\"https:\\\/\\\/www.casacalcalot.cat\\\/#website\"},\"datePublished\":\"2017-01-03T15:42:12+00:00\",\"dateModified\":\"2025-09-22T13:01:09+00:00\",\"breadcrumb\":{\"@id\":\"https:\\\/\\\/www.casacalcalot.cat\\\/fr\\\/tarifs\\\/#breadcrumb\"},\"inLanguage\":\"fr-FR\",\"potentialAction\":[{\"@type\":\"ReadAction\",\"target\":[\"https:\\\/\\\/www.casacalcalot.cat\\\/fr\\\/tarifs\\\/\"]}]},{\"@type\":\"BreadcrumbList\",\"@id\":\"https:\\\/\\\/www.casacalcalot.cat\\\/fr\\\/tarifs\\\/#breadcrumb\",\"itemListElement\":[{\"@type\":\"ListItem\",\"position\":1,\"name\":\"Inici\",\"item\":\"https:\\\/\\\/www.casacalcalot.cat\\\/fr\\\/accueil-2\\\/\"},{\"@type\":\"ListItem\",\"position\":2,\"name\":\"Tarifs\"}]},{\"@type\":\"WebSite\",\"@id\":\"https:\\\/\\\/www.casacalcalot.cat\\\/#website\",\"url\":\"https:\\\/\\\/www.casacalcalot.cat\\\/\",\"name\":\"Casa Cal Calot\",\"description\":\"Casa de turisme rural a Casserres (Bergued\u00e0)\",\"potentialAction\":[{\"@type\":\"SearchAction\",\"target\":{\"@type\":\"EntryPoint\",\"urlTemplate\":\"https:\\\/\\\/www.casacalcalot.cat\\\/?s={search_term_string}\"},\"query-input\":{\"@type\":\"PropertyValueSpecification\",\"valueRequired\":true,\"valueName\":\"search_term_string\"}}],\"inLanguage\":\"fr-FR\"}]}<\/script>\n<!-- \/ Yoast SEO plugin. -->","yoast_head_json":{"title":"Tarifs - Casa Cal Calot","robots":{"index":"index","follow":"follow","max-snippet":"max-snippet:-1","max-image-preview":"max-image-preview:large","max-video-preview":"max-video-preview:-1"},"canonical":"https:\/\/www.casacalcalot.cat\/fr\/tarifs\/","og_locale":"fr_FR","og_type":"article","og_title":"Tarifs - Casa Cal Calot","og_url":"https:\/\/www.casacalcalot.cat\/fr\/tarifs\/","og_site_name":"Casa Cal Calot","article_modified_time":"2025-09-22T13:01:09+00:00","twitter_card":"summary_large_image","twitter_misc":{"Dur\u00e9e de lecture estim\u00e9e":"1 minute"},"schema":{"@context":"https:\/\/schema.org","@graph":[{"@type":"WebPage","@id":"https:\/\/www.casacalcalot.cat\/fr\/tarifs\/","url":"https:\/\/www.casacalcalot.cat\/fr\/tarifs\/","name":"Tarifs - Casa Cal Calot","isPartOf":{"@id":"https:\/\/www.casacalcalot.cat\/#website"},"datePublished":"2017-01-03T15:42:12+00:00","dateModified":"2025-09-22T13:01:09+00:00","breadcrumb":{"@id":"https:\/\/www.casacalcalot.cat\/fr\/tarifs\/#breadcrumb"},"inLanguage":"fr-FR","potentialAction":[{"@type":"ReadAction","target":["https:\/\/www.casacalcalot.cat\/fr\/tarifs\/"]}]},{"@type":"BreadcrumbList","@id":"https:\/\/www.casacalcalot.cat\/fr\/tarifs\/#breadcrumb","itemListElement":[{"@type":"ListItem","position":1,"name":"Inici","item":"https:\/\/www.casacalcalot.cat\/fr\/accueil-2\/"},{"@type":"ListItem","position":2,"name":"Tarifs"}]},{"@type":"WebSite","@id":"https:\/\/www.casacalcalot.cat\/#website","url":"https:\/\/www.casacalcalot.cat\/","name":"Casa Cal Calot","description":"Casa de turisme rural a Casserres (Bergued\u00e0)","potentialAction":[{"@type":"SearchAction","target":{"@type":"EntryPoint","urlTemplate":"https:\/\/www.casacalcalot.cat\/?s={search_term_string}"},"query-input":{"@type":"PropertyValueSpecification","valueRequired":true,"valueName":"search_term_string"}}],"inLanguage":"fr-FR"}]}},"_links":{"self":[{"href":"https:\/\/www.casacalcalot.cat\/fr\/wp-json\/wp\/v2\/pages\/1059","targetHints":{"allow":["GET"]}}],"collection":[{"href":"https:\/\/www.casacalcalot.cat\/fr\/wp-json\/wp\/v2\/pages"}],"about":[{"href":"https:\/\/www.casacalcalot.cat\/fr\/wp-json\/wp\/v2\/types\/page"}],"author":[{"embeddable":true,"href":"https:\/\/www.casacalcalot.cat\/fr\/wp-json\/wp\/v2\/users\/1"}],"replies":[{"embeddable":true,"href":"https:\/\/www.casacalcalot.cat\/fr\/wp-json\/wp\/v2\/comments?post=1059"}],"version-history":[{"count":10,"href":"https:\/\/www.casacalcalot.cat\/fr\/wp-json\/wp\/v2\/pages\/1059\/revisions"}],"predecessor-version":[{"id":4120,"href":"https:\/\/www.casacalcalot.cat\/fr\/wp-json\/wp\/v2\/pages\/1059\/revisions\/4120"}],"wp:attachment":[{"href":"https:\/\/www.casacalcalot.cat\/fr\/wp-json\/wp\/v2\/media?parent=1059"}],"curies":[{"name":"wp","href":"https:\/\/api.w.org\/{rel}","templated":true}]}}