{"id":962,"date":"2017-01-03T15:45:36","date_gmt":"2017-01-03T15:45:36","guid":{"rendered":"http:\/\/casacalcalot.cat\/?page_id=962\/"},"modified":"2018-09-12T10:38:15","modified_gmt":"2018-09-12T10:38:15","slug":"entorno","status":"publish","type":"page","link":"https:\/\/www.casacalcalot.cat\/es\/entorno\/","title":{"rendered":"Entorno"},"content":{"rendered":"\n<style type=\"text\/css\" data-created_by=\"avia_inline_auto\" id=\"style-css-av-av_heading-78185032963b00c8f0a540ae38085ddd\">\n#top .av-special-heading.av-av_heading-78185032963b00c8f0a540ae38085ddd{\npadding-bottom:0;\n}\nbody .av-special-heading.av-av_heading-78185032963b00c8f0a540ae38085ddd .av-special-heading-tag .heading-char{\nfont-size:25px;\n}\n.av-special-heading.av-av_heading-78185032963b00c8f0a540ae38085ddd .av-subheading{\nfont-size:15px;\n}\n<\/style>\n<div  class='av-special-heading av-av_heading-78185032963b00c8f0a540ae38085ddd av-special-heading-h2 blockquote modern-quote  avia-builder-el-0  el_before_av_three_fifth  avia-builder-el-first '><h2 class='av-special-heading-tag '  itemprop=\"headline\"  >EL ENTORNO<\/h2><div class=\"special-heading-border\"><div class=\"special-heading-inner-border\"><\/div><\/div><\/div>\n\n<style type=\"text\/css\" data-created_by=\"avia_inline_auto\" id=\"style-css-av-2q90e2-8b9e203a6c9aa796331c9d78d05a0efd\">\n.flex_column.av-2q90e2-8b9e203a6c9aa796331c9d78d05a0efd{\nborder-radius:0px 0px 0px 0px;\npadding:0px 0px 0px 0px;\n}\n<\/style>\n<div  class='flex_column av-2q90e2-8b9e203a6c9aa796331c9d78d05a0efd av_three_fifth  avia-builder-el-1  el_after_av_heading  el_before_av_two_fifth  first flex_column_div av-zero-column-padding  '     ><section  class='av_textblock_section av-9117u-0dca1741ad1b66254b517d4e608ba9bf '   itemscope=\"itemscope\" itemtype=\"https:\/\/schema.org\/CreativeWork\" ><div class='avia_textblock'  itemprop=\"text\" ><p>Cal \u00a0Calot est\u00e1 rodeada por bosque de pino, roble y encina mayoritariamente. En el lado norte hay pastos para nuestro ganado, las <strong>vacas brunas y las ovejas<\/strong>. Posiblemente tambi\u00e9n podr\u00e1 disfrutar de la experiencia de ver alg\u00fan <strong>animal salvaje<\/strong> como el jabal\u00edn, la liebre, el corzo, la cabrota (b\u00faho) etc &#8230;<\/p>\n<p>Cerca de casa podr\u00e1 visitar rincones interesantes como los antiguos <strong>hornos de de yeso de los siglos XVII-XIX<\/strong>, remojar los pies en el <strong>torrente <\/strong>de la Barata, visitar la <strong>encina y el roble centenarios<\/strong> que quedan bajo la ermita, pasear, buscar setas, disfrutar del manto de estrellas que nos cubre por las noches o simplemente, parar atenci\u00f3n y escuchar los sonidos de la naturaleza.<\/p>\n<p>Aparte de todos los rincones con encanto que quedan cerca de la casa, y sin moverse de ella, tambi\u00e9n <strong>disfrutar\u00e1 de unas vistas inmejorables<\/strong>. Puede disfrutar de las vistas a las altas paredes de roca de la Sierra de Busa, de las vistas a Cap de Bal\u00e7, y de la impresionante panor\u00e1mica del Valle, que observar\u00e1 desde la ermita y es que podr\u00e1 ver algunos de los lugares m\u00e1s atractivos de la zona como el municipio de <strong>St. Lloren\u00e7 de Morunys, la Sierra de Port del Comte, el mirador del Cod\u00f3, el Santuario de Lord &#8230;<\/strong><\/p>\n<p>Creo que ya se ha podido hacer una idea de lo fant\u00e1stico entorno en el que est\u00e1 situado Cal Calot, una prueba m\u00e1s que lo confirma es el hecho de encontrarse enclavada en el paso del <strong>GR 1<\/strong>. Como bien sabr\u00e1n muchos excursionistas, se trat\u00f3 de un <strong>sendero de gran recorrido que atraviesa el<\/strong> <strong>pre-pirineo catal\u00e1n.<\/strong> Tambi\u00e9n es conocido como Sendero Transversal.<\/p>\n<\/div><\/section><\/div>\n\n<style type=\"text\/css\" data-created_by=\"avia_inline_auto\" id=\"style-css-av-2fu5si-4c7e2c3dd1b29fad2e21702470426e70\">\n.flex_column.av-2fu5si-4c7e2c3dd1b29fad2e21702470426e70{\nborder-radius:0px 0px 0px 0px;\npadding:0px 0px 0px 0px;\n}\n<\/style>\n<div  class='flex_column av-2fu5si-4c7e2c3dd1b29fad2e21702470426e70 av_two_fifth  avia-builder-el-3  el_after_av_three_fifth  el_before_av_hr  flex_column_div av-zero-column-padding  '     ><style type=\"text\/css\" data-created_by=\"avia_inline_auto\" id=\"style-css-av-26ru3u-d5425b477d5a442a153f3bb8706727f6\">\n#top .avia-gallery.av-26ru3u-d5425b477d5a442a153f3bb8706727f6 .avia-gallery-thumb a{\nwidth:100%;\n}\n<\/style>\n<div  class='avia-gallery av-26ru3u-d5425b477d5a442a153f3bb8706727f6 avia_animate_when_visible  avia-builder-el-4  avia-builder-el-no-sibling  deactivate_avia_lazyload avia-gallery-animate avia-gallery-1'  itemprop=\"image\" itemscope=\"itemscope\" itemtype=\"https:\/\/schema.org\/ImageObject\" ><meta itemprop=\"contentURL\" content=\"https:\/\/www.casacalcalot.cat\/es\/entorno\/\"><div class='avia-gallery-thumb'><a href=\"https:\/\/www.casacalcalot.cat\/wp-content\/uploads\/2018\/07\/Cal_Calot_NS-181237-1030x773.jpg\" data-srcset=\"https:\/\/www.casacalcalot.cat\/wp-content\/uploads\/2018\/07\/Cal_Calot_NS-181237-1030x773.jpg 1030w, https:\/\/www.casacalcalot.cat\/wp-content\/uploads\/2018\/07\/Cal_Calot_NS-181237-300x225.jpg 300w, https:\/\/www.casacalcalot.cat\/wp-content\/uploads\/2018\/07\/Cal_Calot_NS-181237-768x576.jpg 768w, https:\/\/www.casacalcalot.cat\/wp-content\/uploads\/2018\/07\/Cal_Calot_NS-181237.jpg 1500w, https:\/\/www.casacalcalot.cat\/wp-content\/uploads\/2018\/07\/Cal_Calot_NS-181237-705x529.jpg 705w, https:\/\/www.casacalcalot.cat\/wp-content\/uploads\/2018\/07\/Cal_Calot_NS-181237-450x338.jpg 450w\" data-sizes=\"(max-width: 1030px) 100vw, 1030px\" data-rel='gallery-1' data-prev-img='https:\/\/www.casacalcalot.cat\/wp-content\/uploads\/2018\/07\/Cal_Calot_NS-181237-495x400.jpg' class='first_thumb lightbox ' data-onclick='1' title='Serra de Busa'  itemprop=\"thumbnailUrl\"  ><img decoding=\"async\" fetchpriority=\"high\" class=\"wp-image-1687 avia-img-lazy-loading-not-1687\"  data-avia-tooltip='Serra de Busa' src=\"https:\/\/www.casacalcalot.cat\/wp-content\/uploads\/2018\/07\/Cal_Calot_NS-181237-710x375.jpg\" width=\"710\" height=\"375\"  title='Cal_Calot_NS-181237' alt='' \/><div class='big-prev-fake'><img decoding=\"async\" loading=\"lazy\" class=\"wp-image-1687 avia-img-lazy-loading-1687\"  width=\"495\" height=\"400\" src=\"https:\/\/www.casacalcalot.cat\/wp-content\/uploads\/2018\/07\/Cal_Calot_NS-181237-495x400.jpg\" title='Cal_Calot_NS-181237' alt='' srcset=\"https:\/\/www.casacalcalot.cat\/wp-content\/uploads\/2018\/07\/Cal_Calot_NS-181237-495x400.jpg 495w, https:\/\/www.casacalcalot.cat\/wp-content\/uploads\/2018\/07\/Cal_Calot_NS-181237-845x684.jpg 845w\" sizes=\"auto, (max-width: 495px) 100vw, 495px\" \/><\/div><\/a><a href=\"https:\/\/www.casacalcalot.cat\/wp-content\/uploads\/2018\/02\/cal-calot-09-1030x579.jpg\" data-srcset=\"https:\/\/www.casacalcalot.cat\/wp-content\/uploads\/2018\/02\/cal-calot-09-1030x579.jpg 1030w, https:\/\/www.casacalcalot.cat\/wp-content\/uploads\/2018\/02\/cal-calot-09-300x169.jpg 300w, https:\/\/www.casacalcalot.cat\/wp-content\/uploads\/2018\/02\/cal-calot-09-768x432.jpg 768w, https:\/\/www.casacalcalot.cat\/wp-content\/uploads\/2018\/02\/cal-calot-09-705x397.jpg 705w, https:\/\/www.casacalcalot.cat\/wp-content\/uploads\/2018\/02\/cal-calot-09-450x253.jpg 450w, https:\/\/www.casacalcalot.cat\/wp-content\/uploads\/2018\/02\/cal-calot-09.jpg 1200w\" data-sizes=\"(max-width: 1030px) 100vw, 1030px\" data-rel='gallery-1' data-prev-img='https:\/\/www.casacalcalot.cat\/wp-content\/uploads\/2018\/02\/cal-calot-09-495x400.jpg' class='first_thumb lightbox ' data-onclick='2' title='Serra de Port del Comte'  itemprop=\"thumbnailUrl\"  ><img decoding=\"async\" fetchpriority=\"high\" class=\"wp-image-1465 avia-img-lazy-loading-not-1465\"  data-avia-tooltip='Serra de Port del Comte' src=\"https:\/\/www.casacalcalot.cat\/wp-content\/uploads\/2018\/02\/cal-calot-09-710x375.jpg\" width=\"710\" height=\"375\"  title='cal-calot-09' alt='' \/><div class='big-prev-fake'><img decoding=\"async\" loading=\"lazy\" class=\"wp-image-1465 avia-img-lazy-loading-1465\"  width=\"495\" height=\"400\" src=\"https:\/\/www.casacalcalot.cat\/wp-content\/uploads\/2018\/02\/cal-calot-09-495x400.jpg\" title='cal-calot-09' alt='' \/><\/div><\/a><a href=\"https:\/\/www.casacalcalot.cat\/wp-content\/uploads\/2018\/02\/cal-calot-06-1030x579.jpg\" data-srcset=\"https:\/\/www.casacalcalot.cat\/wp-content\/uploads\/2018\/02\/cal-calot-06-1030x579.jpg 1030w, https:\/\/www.casacalcalot.cat\/wp-content\/uploads\/2018\/02\/cal-calot-06-300x169.jpg 300w, https:\/\/www.casacalcalot.cat\/wp-content\/uploads\/2018\/02\/cal-calot-06-768x432.jpg 768w, https:\/\/www.casacalcalot.cat\/wp-content\/uploads\/2018\/02\/cal-calot-06-705x397.jpg 705w, https:\/\/www.casacalcalot.cat\/wp-content\/uploads\/2018\/02\/cal-calot-06-450x253.jpg 450w, https:\/\/www.casacalcalot.cat\/wp-content\/uploads\/2018\/02\/cal-calot-06.jpg 1200w\" data-sizes=\"(max-width: 1030px) 100vw, 1030px\" data-rel='gallery-1' data-prev-img='https:\/\/www.casacalcalot.cat\/wp-content\/uploads\/2018\/02\/cal-calot-06-495x400.jpg' class='first_thumb lightbox ' data-onclick='3' title='La Vall de Lord i Sant Lloren\u00e7 de Morunys'  itemprop=\"thumbnailUrl\"  ><img decoding=\"async\" fetchpriority=\"high\" class=\"wp-image-1456 avia-img-lazy-loading-not-1456\"  data-avia-tooltip='La Vall de Lord i Sant Lloren\u00e7 de Morunys' src=\"https:\/\/www.casacalcalot.cat\/wp-content\/uploads\/2018\/02\/cal-calot-06-710x375.jpg\" width=\"710\" height=\"375\"  title='cal-calot-06' alt='' \/><div class='big-prev-fake'><img decoding=\"async\" loading=\"lazy\" class=\"wp-image-1456 avia-img-lazy-loading-1456\"  width=\"495\" height=\"400\" src=\"https:\/\/www.casacalcalot.cat\/wp-content\/uploads\/2018\/02\/cal-calot-06-495x400.jpg\" title='cal-calot-06' alt='' \/><\/div><\/a><\/div><\/div><\/div>\n\n<style type=\"text\/css\" data-created_by=\"avia_inline_auto\" id=\"style-css-av-243iii-9979a3947a16623dba72ff6f14ff9295\">\n#top .hr.hr-invisible.av-243iii-9979a3947a16623dba72ff6f14ff9295{\nheight:50px;\n}\n<\/style>\n<div  class='hr av-243iii-9979a3947a16623dba72ff6f14ff9295 hr-invisible  avia-builder-el-5  el_after_av_two_fifth  el_before_av_heading '><span class='hr-inner '><span class=\"hr-inner-style\"><\/span><\/span><\/div>\n\n<style type=\"text\/css\" data-created_by=\"avia_inline_auto\" id=\"style-css-av-jlz0g2pf-498f76fd5867651992a1e550192f19dc\">\n#top .av-special-heading.av-jlz0g2pf-498f76fd5867651992a1e550192f19dc{\npadding-bottom:0;\n}\nbody .av-special-heading.av-jlz0g2pf-498f76fd5867651992a1e550192f19dc .av-special-heading-tag .heading-char{\nfont-size:25px;\n}\n.av-special-heading.av-jlz0g2pf-498f76fd5867651992a1e550192f19dc .av-subheading{\nfont-size:15px;\n}\n<\/style>\n<div  class='av-special-heading av-jlz0g2pf-498f76fd5867651992a1e550192f19dc av-special-heading-h2 blockquote modern-quote  avia-builder-el-6  el_after_av_hr  el_before_av_three_fifth '><h2 class='av-special-heading-tag '  itemprop=\"headline\"  >SITUACI\u00d3N I UBICACI\u00d3N<\/h2><div class=\"special-heading-border\"><div class=\"special-heading-inner-border\"><\/div><\/div><\/div>\n\n<style type=\"text\/css\" data-created_by=\"avia_inline_auto\" id=\"style-css-av-1t1eq2-a249233483204b117e79c789e622d280\">\n.flex_column.av-1t1eq2-a249233483204b117e79c789e622d280{\nborder-radius:0px 0px 0px 0px;\npadding:0px 0px 0px 0px;\n}\n<\/style>\n<div  class='flex_column av-1t1eq2-a249233483204b117e79c789e622d280 av_three_fifth  avia-builder-el-7  el_after_av_heading  el_before_av_two_fifth  first flex_column_div av-zero-column-padding  '     ><section  class='av_textblock_section av-1im68i-52fed7eb6625947790f8109514429888 '   itemscope=\"itemscope\" itemtype=\"https:\/\/schema.org\/CreativeWork\" ><div class='avia_textblock'  itemprop=\"text\" ><p>Cal Calot forma parte del municipio de la Piedra (La Coma i la Pedra), pero en realidad est\u00e1 situada a pocos kil\u00f3metros antes de llegar a St. Lloren\u00e7 de Morunys.<\/p>\n<h3>Indicaciones para llegar:<\/h3>\n<ul>\n<li><strong>Viniendo de Berga<\/strong>: pocos metros despu\u00e9s de pasar el punto kilom\u00e9trico 35 de la LV-4241 toma una pista forestal que queda a mano derecha, donde est\u00e1 el indicador de SAN Lle\u00efr DE CASABELLA. Hay que seguir esta pista 1,8km y se llega a la ermita y en Cal Calot.<\/li>\n<li><strong>Viniendo de Solsona<\/strong>: pocos metros despu\u00e9s de pasar el punto kilom\u00e9trico 34 de la LV-4241, hay que desviarse a mano derecha para cruzar la carretera y tomar el camino que nos queda a la izquierda y en el que hay un indicador de SAN Lle\u00efr DE CASABELLA. . Hay que seguir esta pista 1,8km y se llega a la ermita y en Cal Calot.<\/li>\n<\/ul>\n<p>Es muy f\u00e1cil llegar. Y el camino es apto para cualquier veh\u00edculo.<\/p>\n<\/div><\/section><\/div>\n<style type=\"text\/css\" data-created_by=\"avia_inline_auto\" id=\"style-css-av-1fjj7m-8242725925c2086f9a2d73b8054f1be8\">\n.flex_column.av-1fjj7m-8242725925c2086f9a2d73b8054f1be8{\nborder-radius:0px 0px 0px 0px;\npadding:0px 0px 0px 0px;\n}\n<\/style>\n<div  class='flex_column av-1fjj7m-8242725925c2086f9a2d73b8054f1be8 av_two_fifth  avia-builder-el-9  el_after_av_three_fifth  el_before_av_hr  flex_column_div av-zero-column-padding  '     ><p><div  class='av_gmaps_sc_main_wrap av_gmaps_main_wrap '><div id='av_gmap_0' class='avia-google-map-container avia-google-map-sc av_gmaps_show_unconditionally av-no-fallback-img ' data-mapid='av_gmap_0'  style='height: 400px;'><a class=\"av_gmaps_browser_disabled av_text_confirm_link av_text_confirm_link_visible\" href=\"https:\/\/www.google.com\/maps\/search\/?api=1&#038;query=Cal%20Calot\" target=\"_blank\">Maps were disabled by the visitor on this site. Click to open the map in a new window.<\/a><\/div><\/div><br \/>\n<section  class='av_textblock_section av-vnhfm-a7f56e5ad2864697ba4b3bee5b689f8d '   itemscope=\"itemscope\" itemtype=\"https:\/\/schema.org\/CreativeWork\" ><div class='avia_textblock'  itemprop=\"text\" ><p><a href=\"https:\/\/www.google.es\/maps\/place\/42%C2%B008'39.9%22N+1%C2%B036'34.3%22E\/@42.1451633,1.6059055,310m\/data=!3m1!1e3!4m5!3m4!1s0x0:0x0!8m2!3d42.144421!4d1.60952?hl=ca\" target=\"_blank\" rel=\"noopener\">Obrir a googlemaps<\/a><\/p>\n<\/div><\/section><\/p><\/div><\/p>\n\n<style type=\"text\/css\" data-created_by=\"avia_inline_auto\" id=\"style-css-av-oxney-7a1c1bb34d440f5ff9c37f9d31ac6aab\">\n#top .hr.hr-invisible.av-oxney-7a1c1bb34d440f5ff9c37f9d31ac6aab{\nheight:50px;\n}\n<\/style>\n<div  class='hr av-oxney-7a1c1bb34d440f5ff9c37f9d31ac6aab hr-invisible  avia-builder-el-12  el_after_av_two_fifth  el_before_av_one_full '><span class='hr-inner '><span class=\"hr-inner-style\"><\/span><\/span><\/div>\n\n<style type=\"text\/css\" data-created_by=\"avia_inline_auto\" id=\"style-css-av-kn2lm-0c9119ca0bdc734f82d9aca7808083ee\">\n.flex_column.av-kn2lm-0c9119ca0bdc734f82d9aca7808083ee{\nborder-radius:0px 0px 0px 0px;\npadding:0px 0px 0px 0px;\n}\n<\/style>\n<div  class='flex_column av-kn2lm-0c9119ca0bdc734f82d9aca7808083ee av_one_full  avia-builder-el-13  el_after_av_hr  avia-builder-el-last  first flex_column_div av-zero-column-padding  '     ><p>\n<style type=\"text\/css\" data-created_by=\"avia_inline_auto\" id=\"style-css-av-jlz0ftlh-3ca7c3da07ab54b9c6d351d9141ceaaa\">\n#top .av-special-heading.av-jlz0ftlh-3ca7c3da07ab54b9c6d351d9141ceaaa{\npadding-bottom:0;\n}\nbody .av-special-heading.av-jlz0ftlh-3ca7c3da07ab54b9c6d351d9141ceaaa .av-special-heading-tag .heading-char{\nfont-size:25px;\n}\n.av-special-heading.av-jlz0ftlh-3ca7c3da07ab54b9c6d351d9141ceaaa .av-subheading{\nfont-size:15px;\n}\n<\/style>\n<div  class='av-special-heading av-jlz0ftlh-3ca7c3da07ab54b9c6d351d9141ceaaa av-special-heading-h2 blockquote modern-quote  avia-builder-el-14  el_before_av_textblock  avia-builder-el-first '><h2 class='av-special-heading-tag '  itemprop=\"headline\"  >DISTANCIAS<\/h2><div class=\"special-heading-border\"><div class=\"special-heading-inner-border\"><\/div><\/div><\/div><br \/>\n<section  class='av_textblock_section av-88go2-ad7e996cc62053544bc99cf38ff00837 '   itemscope=\"itemscope\" itemtype=\"https:\/\/schema.org\/CreativeWork\" ><div class='avia_textblock'  itemprop=\"text\" ><ul>\n<li><strong>SOLSONA<\/strong>: 24,6km<\/li>\n<li><strong>BERGA<\/strong>: 31,2 Km<\/li>\n<li><strong>SEU D\u2019URGELL<\/strong>: 74,5 km<\/li>\n<li><strong>ANDORRA<\/strong>: 93,3 Km<\/li>\n<li><strong>MANRESA<\/strong>: 81,5 km<\/li>\n<li><strong>VIC<\/strong>: 110 km<\/li>\n<li><strong>BARCELONA<\/strong>: 143 km<\/li>\n<li><strong>GIRONA<\/strong>: 153 km<\/li>\n<li><strong>LLEIDA<\/strong>: 127 km<\/li>\n<li><strong>TARRAGONA<\/strong>: 153 Km<\/li>\n<\/ul>\n<\/div><\/section><\/p><\/div>\n","protected":false},"excerpt":{"rendered":"","protected":false},"author":1,"featured_media":0,"parent":0,"menu_order":0,"comment_status":"closed","ping_status":"closed","template":"","meta":{"footnotes":""},"class_list":["post-962","page","type-page","status-publish","hentry"],"yoast_head":"<!-- This site is optimized with the Yoast SEO plugin v27.3 - https:\/\/yoast.com\/product\/yoast-seo-wordpress\/ -->\n<title>Entorno - Casa Cal Calot<\/title>\n<meta name=\"robots\" content=\"index, follow, max-snippet:-1, max-image-preview:large, max-video-preview:-1\" \/>\n<link rel=\"canonical\" href=\"https:\/\/www.casacalcalot.cat\/es\/entorno\/\" \/>\n<meta property=\"og:locale\" content=\"es_ES\" \/>\n<meta property=\"og:type\" content=\"article\" \/>\n<meta property=\"og:title\" content=\"Entorno - Casa Cal Calot\" \/>\n<meta property=\"og:url\" content=\"https:\/\/www.casacalcalot.cat\/es\/entorno\/\" \/>\n<meta property=\"og:site_name\" content=\"Casa Cal Calot\" \/>\n<meta property=\"article:modified_time\" content=\"2018-09-12T10:38:15+00:00\" \/>\n<meta name=\"twitter:card\" content=\"summary_large_image\" \/>\n<meta name=\"twitter:label1\" content=\"Tiempo de lectura\" \/>\n\t<meta name=\"twitter:data1\" content=\"6 minutos\" \/>\n<script type=\"application\/ld+json\" class=\"yoast-schema-graph\">{\"@context\":\"https:\\\/\\\/schema.org\",\"@graph\":[{\"@type\":\"WebPage\",\"@id\":\"https:\\\/\\\/www.casacalcalot.cat\\\/es\\\/entorno\\\/\",\"url\":\"https:\\\/\\\/www.casacalcalot.cat\\\/es\\\/entorno\\\/\",\"name\":\"Entorno - Casa Cal Calot\",\"isPartOf\":{\"@id\":\"https:\\\/\\\/www.casacalcalot.cat\\\/#website\"},\"datePublished\":\"2017-01-03T15:45:36+00:00\",\"dateModified\":\"2018-09-12T10:38:15+00:00\",\"breadcrumb\":{\"@id\":\"https:\\\/\\\/www.casacalcalot.cat\\\/es\\\/entorno\\\/#breadcrumb\"},\"inLanguage\":\"es\",\"potentialAction\":[{\"@type\":\"ReadAction\",\"target\":[\"https:\\\/\\\/www.casacalcalot.cat\\\/es\\\/entorno\\\/\"]}]},{\"@type\":\"BreadcrumbList\",\"@id\":\"https:\\\/\\\/www.casacalcalot.cat\\\/es\\\/entorno\\\/#breadcrumb\",\"itemListElement\":[{\"@type\":\"ListItem\",\"position\":1,\"name\":\"Inici\",\"item\":\"https:\\\/\\\/www.casacalcalot.cat\\\/es\\\/inicio\\\/\"},{\"@type\":\"ListItem\",\"position\":2,\"name\":\"Entorno\"}]},{\"@type\":\"WebSite\",\"@id\":\"https:\\\/\\\/www.casacalcalot.cat\\\/#website\",\"url\":\"https:\\\/\\\/www.casacalcalot.cat\\\/\",\"name\":\"Casa Cal Calot\",\"description\":\"Casa de turisme rural a Casserres (Bergued\u00e0)\",\"potentialAction\":[{\"@type\":\"SearchAction\",\"target\":{\"@type\":\"EntryPoint\",\"urlTemplate\":\"https:\\\/\\\/www.casacalcalot.cat\\\/?s={search_term_string}\"},\"query-input\":{\"@type\":\"PropertyValueSpecification\",\"valueRequired\":true,\"valueName\":\"search_term_string\"}}],\"inLanguage\":\"es\"}]}<\/script>\n<!-- \/ Yoast SEO plugin. -->","yoast_head_json":{"title":"Entorno - Casa Cal Calot","robots":{"index":"index","follow":"follow","max-snippet":"max-snippet:-1","max-image-preview":"max-image-preview:large","max-video-preview":"max-video-preview:-1"},"canonical":"https:\/\/www.casacalcalot.cat\/es\/entorno\/","og_locale":"es_ES","og_type":"article","og_title":"Entorno - Casa Cal Calot","og_url":"https:\/\/www.casacalcalot.cat\/es\/entorno\/","og_site_name":"Casa Cal Calot","article_modified_time":"2018-09-12T10:38:15+00:00","twitter_card":"summary_large_image","twitter_misc":{"Tiempo de lectura":"6 minutos"},"schema":{"@context":"https:\/\/schema.org","@graph":[{"@type":"WebPage","@id":"https:\/\/www.casacalcalot.cat\/es\/entorno\/","url":"https:\/\/www.casacalcalot.cat\/es\/entorno\/","name":"Entorno - Casa Cal Calot","isPartOf":{"@id":"https:\/\/www.casacalcalot.cat\/#website"},"datePublished":"2017-01-03T15:45:36+00:00","dateModified":"2018-09-12T10:38:15+00:00","breadcrumb":{"@id":"https:\/\/www.casacalcalot.cat\/es\/entorno\/#breadcrumb"},"inLanguage":"es","potentialAction":[{"@type":"ReadAction","target":["https:\/\/www.casacalcalot.cat\/es\/entorno\/"]}]},{"@type":"BreadcrumbList","@id":"https:\/\/www.casacalcalot.cat\/es\/entorno\/#breadcrumb","itemListElement":[{"@type":"ListItem","position":1,"name":"Inici","item":"https:\/\/www.casacalcalot.cat\/es\/inicio\/"},{"@type":"ListItem","position":2,"name":"Entorno"}]},{"@type":"WebSite","@id":"https:\/\/www.casacalcalot.cat\/#website","url":"https:\/\/www.casacalcalot.cat\/","name":"Casa Cal Calot","description":"Casa de turisme rural a Casserres (Bergued\u00e0)","potentialAction":[{"@type":"SearchAction","target":{"@type":"EntryPoint","urlTemplate":"https:\/\/www.casacalcalot.cat\/?s={search_term_string}"},"query-input":{"@type":"PropertyValueSpecification","valueRequired":true,"valueName":"search_term_string"}}],"inLanguage":"es"}]}},"_links":{"self":[{"href":"https:\/\/www.casacalcalot.cat\/es\/wp-json\/wp\/v2\/pages\/962","targetHints":{"allow":["GET"]}}],"collection":[{"href":"https:\/\/www.casacalcalot.cat\/es\/wp-json\/wp\/v2\/pages"}],"about":[{"href":"https:\/\/www.casacalcalot.cat\/es\/wp-json\/wp\/v2\/types\/page"}],"author":[{"embeddable":true,"href":"https:\/\/www.casacalcalot.cat\/es\/wp-json\/wp\/v2\/users\/1"}],"replies":[{"embeddable":true,"href":"https:\/\/www.casacalcalot.cat\/es\/wp-json\/wp\/v2\/comments?post=962"}],"version-history":[{"count":9,"href":"https:\/\/www.casacalcalot.cat\/es\/wp-json\/wp\/v2\/pages\/962\/revisions"}],"predecessor-version":[{"id":1833,"href":"https:\/\/www.casacalcalot.cat\/es\/wp-json\/wp\/v2\/pages\/962\/revisions\/1833"}],"wp:attachment":[{"href":"https:\/\/www.casacalcalot.cat\/es\/wp-json\/wp\/v2\/media?parent=962"}],"curies":[{"name":"wp","href":"https:\/\/api.w.org\/{rel}","templated":true}]}}