{"id":560,"date":"2016-12-15T12:14:41","date_gmt":"2016-12-15T12:14:41","guid":{"rendered":"http:\/\/calfabrega.ergatesweb2.net\/?page_id=560&#038;lang=es"},"modified":"2019-01-11T10:37:03","modified_gmt":"2019-01-11T10:37:03","slug":"politica-de-privacidad","status":"publish","type":"page","link":"https:\/\/www.casacalcalot.cat\/es\/politica-de-privacidad\/","title":{"rendered":"Pol\u00edtica de privacidad"},"content":{"rendered":"<div  class='flex_column av-av_one_full-2a9015ff38129c418a3f2eafba3e9512 av_one_full  avia-builder-el-0  avia-builder-el-no-sibling  first flex_column_div  '     ><p>\n<style type=\"text\/css\" data-created_by=\"avia_inline_auto\" id=\"style-css-av-av_heading-96796e213d1a65ee9f5d2939cb95f452\">\n#top .av-special-heading.av-av_heading-96796e213d1a65ee9f5d2939cb95f452{\npadding-bottom:10px;\n}\nbody .av-special-heading.av-av_heading-96796e213d1a65ee9f5d2939cb95f452 .av-special-heading-tag .heading-char{\nfont-size:25px;\n}\n.av-special-heading.av-av_heading-96796e213d1a65ee9f5d2939cb95f452 .av-subheading{\nfont-size:15px;\n}\n<\/style>\n<div  class='av-special-heading av-av_heading-96796e213d1a65ee9f5d2939cb95f452 av-special-heading-h2 blockquote modern-quote  avia-builder-el-1  el_before_av_textblock  avia-builder-el-first '><h2 class='av-special-heading-tag '  itemprop=\"headline\"  >Pol\u00edtica de privacidad<\/h2><div class=\"special-heading-border\"><div class=\"special-heading-inner-border\"><\/div><\/div><\/div><br \/>\n<section  class='av_textblock_section av-jqrwqaxo-75cfc6182e9490af15bf43b9b8af4a8c '   itemscope=\"itemscope\" itemtype=\"https:\/\/schema.org\/CreativeWork\" ><div class='avia_textblock'  itemprop=\"text\" ><p>El presente documento de Tratamiento de Datos Personales tiene por objeto dar a conocer el m\u00e9todo en que se recogen, tratan y protegen los datos de car\u00e1cter personal recogidos a trav\u00e9s del sitio web, con el fin de que los usuarios determinen libre y voluntariamente si desean facilitar los sus datos personales a trav\u00e9s del presente sitio web.<\/p>\n<p>El acceso y uso del sitio web, una vez dado el consentimiento expreso marcando la correspondiente casilla por parte del usuario, implica la plena aceptaci\u00f3n del presente documento sobre Tratamiento de Datos Personales y se obliga a cumplir en su totalidad los t\u00e9rminos y condiciones recogidos en el mismo. Por lo tanto, el usuario debe leer atentamente el presente documento en cada una de las ocasiones en que se proponga utilizar el sitio web, y a que este puede tener modificaciones.<\/p>\n<p>El presente documento ser\u00e1 v\u00e1lido \u00fanicamente para los datos de car\u00e1cter personal obtenidos desde el sitio web, y no es aplicable para aquella informaci\u00f3n recogida por terceros en otras p\u00e1ginas web, incluso si \u00e9stas se encuentran enlazadas desde este mismo sitio web.<\/p>\n<h3>\u00bfQui\u00e9n es el responsable del tratamiento de sus datos?<\/h3>\n<p>El responsable de los datos es Ramon M\u00aa Pellicer Llim\u00f2s<\/p>\n<ul>\n<li>Su denominaci\u00f3n social es: Ramon M\u00aa Pellicer Llim\u00f2s<\/li>\n<li>Su nombre comercial es: Barbats.<\/li>\n<li>Su CIF es: 39304500F.<\/li>\n<li>Su domicilio social es: casa Barbats s\/n<\/li>\n<li><strong>Est\u00e1 inscrita en el Registro Mercantil de Barcelona<\/strong><\/li>\n<\/ul>\n<p>Ramon M\u00aa Pellicer Llim\u00f2s le informa que estos datos ser\u00e1n tratados de conformidad con lo dispuesto en las normativas vigentes en protecci\u00f3n de datos personales, el Reglamento (UE) 2016\/679 de 27 de abril de 2016 (RGPD). Por la cual se le facilita la siguiente informaci\u00f3n del tratamiento:<\/p>\n<h3>\u00bfCon qu\u00e9 finalidad tratamos sus datos personales?<\/h3>\n<p>Tratamos la informaci\u00f3n que nos facilitan los interesados \u200b\u200bpara realizar la prospecci\u00f3n de env\u00edo de comunicaciones comerciales en base al inter\u00e9s demostrado sobre nuestros productos y servicios.<\/p>\n<h3>\u00bfPor cu\u00e1nto tiempo conservaremos sus datos?<\/h3>\n<p>Los datos se conservar\u00e1n durante 10 a\u00f1os.<\/p>\n<h3>\u00bfCu\u00e1l es la legitimaci\u00f3n para el tratamiento de sus datos?<\/h3>\n<p>Los datos personales que tratamos en Ramon M\u00aa Pellicer Llim\u00f2s proceden del propio interesado, quien ha aceptado el consentimiento t\u00e1cito conforme se pueden utilizar los datos para las finalidades mencionadas.<\/p>\n<h3>\u00bfA qui\u00e9n se ceder\u00e1n sus datos?<\/h3>\n<p>No se ceder\u00e1n los datos a terceros, salvo en casos de obligaci\u00f3n legal.<\/p>\n<h3>\u00bfTransferencias de datos a terceros pa\u00edses?<\/h3>\n<p>No est\u00e1n previstas las transferencias de datos a terceros pa\u00edses.<\/p>\n<h3>\u00bfCu\u00e1les son sus derechos cuando nos facilita sus datos?<\/h3>\n<p>Tiene derecho a obtener confirmaci\u00f3n sobre si en Ramon M\u00aa Pellicer Llim\u00f2s estamos tratando datos personales que les conciernan, o no.<\/p>\n<p>Los interesados \u200b\u200btienen derecho a acceder a sus datos personales, as\u00ed como a solicitar la rectificaci\u00f3n de los datos inexactos o, en su caso, solicitar su supresi\u00f3n cuando, entre otros motivos, los datos ya no sean necesarios para los fines que fueron recogidas.<\/p>\n<p>En determinadas circunstancias, los interesados \u200b\u200bpodr\u00e1n solicitar la limitaci\u00f3n del tratamiento de sus datos, en este caso \u00fanicamente los conservaremos para el ejercicio o la defensa de reclamaciones.<\/p>\n<p>En determinadas circunstancias y por motivos relacionados con su situaci\u00f3n particular, los interesados \u200b\u200bpodr\u00e1n oponerse al tratamiento de sus datos. En este caso, Ramon M\u00aa Pellicer Llim\u00f2s dejar\u00e1 de tratar los datos, excepto por motivos leg\u00edtimos imperiosos, o el ejercicio o la defensa de posibles reclamaciones.<\/p>\n<p>Usted podr\u00e1 ejercer materialmente sus derechos de la siguiente manera: Tiene derecho a acceder, rectificar y suprimir los datos, as\u00ed como otros derechos, indicados en la informaci\u00f3n adicional, que puede ejercer dirigi\u00e9ndose a la direcci\u00f3n del responsable del tratamiento.<\/p>\n<p>Si ha otorgado su consentimiento para alguna finalidad concreta, tiene derecho a retirar el consentimiento otorgado en cualquier momento, sin que ello afecte a la licitud del tratamiento basado en el consentimiento previo a su retirada.<\/p>\n<p>En caso de que sienta vulnerados sus derechos con respecto a la protecci\u00f3n de sus datos personales, especialmente cuando no haya obtenido satisfacci\u00f3n en el ejercicio de sus derechos, puede presentar una reclamaci\u00f3n ante la Autoridad de Control en materia de protecci\u00f3n de datos competente a trav\u00e9s de su sitio web: www.agpd.es.<\/p>\n<h3>\u00bfQu\u00e9 datos se guardan en nuestros sistemas?<\/h3>\n<p>Las categor\u00edas de datos que se tratan son:<\/p>\n<ul>\n<li>Datos identificativos.<\/li>\n<li>Direcciones postales y electr\u00f3nicas.<\/li>\n<li>Informaci\u00f3n comercial.<\/li>\n<\/ul>\n<p>No se tratan categor\u00edas especiales de datos personales (son aquellos datos que revelen el origen \u00e9tnico o racial, las opiniones pol\u00edticas, las convicciones religiosas o filos\u00f3ficas, o la afiliaci\u00f3n sindical, datos gen\u00e9ticos, datos biom\u00e9tricos dirigidos a identificar de manera un\u00edvoca a una persona f\u00edsica, datos relativos a la salud o datos relativos a la vida sexual o la orientaci\u00f3n sexual de una persona f\u00edsica).<\/p>\n<h2>Pol\u00edtica de cookies<\/h2>\n<h3>\u00bfQu\u00e9 son las cookies?<\/h3>\n<p>Una cookie es un archivo que se descarga en su ordenador al acceder a determinadas p\u00e1ginas web. Las cookies permiten a una p\u00e1gina web, entre otras cosas, almacenar y recuperar informaci\u00f3n sobre h\u00e1bitos de navegaci\u00f3n de un usuario o de su equipo y, dependiendo de la informaci\u00f3n que contengan y de la forma que utilice su equipo, se pueden utilizar para reconocer al usuario.<\/p>\n<h3>Para qu\u00e9 utiliza las cookies esta p\u00e1gina web y cu\u00e1les son?<\/h3>\n<p>Esta p\u00e1gina web utiliza las cookies para una serie de finalidades, el detalle de las cookies utilizadas en esta p\u00e1gina web es el siguiente:<\/p>\n<table>\n<tbody>\n<tr>\n<td width=\"65\"><strong>cookies<\/strong><\/td>\n<td width=\"65\"><strong>nombre<\/strong><\/td>\n<td width=\"53\"><strong>tipo<\/strong><\/td>\n<td width=\"321\"><strong>prop\u00f3sito<\/strong><\/td>\n<td width=\"140\"><strong>m\u00e1s informaci\u00f3n<\/strong><\/td>\n<\/tr>\n<tr>\n<td width=\"65\">_ga<\/td>\n<td width=\"65\">Google Analytics<\/td>\n<td width=\"53\">de terceros<\/td>\n<td width=\"321\">Este nombre de la cookie est\u00e1 asociado con Google Universal Analytics, que es una actualizaci\u00f3n significativa del servicio de an\u00e1lisis de Google m\u00e1s utilizado. Esta cookie se utiliza para distinguir usuarios \u00fanicos asignando un n\u00famero generado aleatoriamente como identificador del cliente. Se incluye en cada solicitud de p\u00e1gina de un sitio y se utiliza para calcular los datos de visitantes, sesiones y campa\u00f1as para los informes de an\u00e1lisis. De manera predeterminada, esta caducar\u00e1 despu\u00e9s de 2 a\u00f1os, aunque esta sea personalizable por los propietarios del sitio web.<\/td>\n<td width=\"140\"><a href=\"https:\/\/marketingplatform.google.com\/about\/analytics\/\">https:\/\/marketingplatform.google.com\/about\/analytics\/<\/a><\/td>\n<\/tr>\n<tr>\n<td width=\"65\">_gid<\/td>\n<td width=\"65\">Google Analytics<\/td>\n<td width=\"53\">de terceros<\/td>\n<td width=\"321\">Este nombre de la cookie est\u00e1 asociado con Google Universal Analytics. Esta es una nueva cookie que almacena y actualiza un valor \u00fanico para cada p\u00e1gina visitada.<\/td>\n<td width=\"140\"><a href=\"https:\/\/marketingplatform.google.com\/about\/analytics\/\">https:\/\/marketingplatform.google.com\/about\/analytics\/<\/a><\/td>\n<\/tr>\n<tr>\n<td width=\"65\">_gat<\/td>\n<td width=\"65\">Google Analytics<\/td>\n<td width=\"53\">de terceros<\/td>\n<td width=\"321\">Cookie asociada a Google Universal Analytics, se utiliza para acelerar el porcentaje de solicitudes, limitando la recopilaci\u00f3n de datos en los lugares de tr\u00e1nsito elevados. Vence despu\u00e9s de 10 minutos.<\/td>\n<td width=\"140\"><a href=\"https:\/\/marketingplatform.google.com\/about\/analytics\/\">https:\/\/marketingplatform.google.com\/about\/analytics\/<\/a><\/td>\n<\/tr>\n<tr>\n<td width=\"65\">240planD<\/td>\n<td width=\"65\">240planD<\/td>\n<td width=\"53\">propia<\/td>\n<td width=\"321\">Esta es una cookie t\u00e9cnica cuyo uso es espec\u00edfico para nuestro host OVH Roubaix y permite, entre otras cosas, garantizar la distribuci\u00f3n de la carga en servidores.<\/td>\n<td width=\"140\"><\/td>\n<\/tr>\n<tr>\n<td width=\"65\">PHPSESSID<\/td>\n<td width=\"65\">PHPSESSID<\/td>\n<td width=\"53\">propia<\/td>\n<td width=\"321\">Cookie generada por aplicaciones basadas en el lenguaje PHP. Este es un identificador de prop\u00f3sito general utilizado para mantener las variables de sesi\u00f3n del usuario. Normalmente es un n\u00famero generado aleatoriamente, la forma en que se utiliza puede ser espec\u00edfica del sitio, un claro ejemplo es el de mantener los datos de un estado de usuario registrado entre p\u00e1ginas.<\/td>\n<td width=\"140\"><a href=\"http:\/\/php.net\/manual\/en\/function.session-id.php\">http:\/\/php.net\/manual\/en\/function.session-id.php<\/a><\/td>\n<\/tr>\n<\/tbody>\n<\/table>\n<p>Nota: Las cookies de tipo &#8216;propias&#8217; son utilizadas s\u00f3lo por el propietario de esta web y las cookies &#8216;De terceros&#8217; son utilizadas, por el prestador del servicio que est\u00e1 detallado en el cuadro anterior.<\/p>\n<h3>\u00bfC\u00f3mo puedo desactivar o eliminar estas cookies?<\/h3>\n<p>Puede usted permitir, bloquear o eliminar las cookies instaladas en su equipo mediante la configuraci\u00f3n de las opciones del navegador en su ordenador:<\/p>\n<ul>\n<li>Firefox: <a href=\"http:\/\/support.mozilla.org\/es\/kb\/habilitar-y-deshabilitar-cookies-que-los-sitios-we\">http:\/\/support.mozilla.org\/es\/kb\/habilitar-y-deshabilitar-cookies-que-los-sitios-we<\/a><\/li>\n<li>Chrome: <a href=\"http:\/\/support.google.com\/chrome\/bin\/answer.py?hl=es&amp;answer=95647\">http:\/\/support.google.com\/chrome\/bin\/answer.py?hl=es&amp;answer=95647<\/a><\/li>\n<li>Explorer: <a href=\"http:\/\/windows.microsoft.com\/es-es\/windows7\/how-to-manage-cookies-in-internet-explorer-9\">http:\/\/windows.microsoft.com\/es-es\/windows7\/how-to-manage-cookies-in-internet-explorer-9<\/a><\/li>\n<li>Safari: <a href=\"http:\/\/support.apple.com\/kb\/ph5042\">http:\/\/support.apple.com\/kb\/ph5042<\/a><\/li>\n<li>Opera: <a href=\"https:\/\/www.opera.com\/help\/tutorials\/security\/privacy\">https:\/\/www.opera.com\/help\/tutorials\/security\/privacy<\/a><\/li>\n<li>Otros navegadores: Consulte la documentaci\u00f3n del navegador que tenga instalado.<\/li>\n<\/ul>\n<h3>Complemento de inhabilitaci\u00f3n para navegadores de Google Analytics<\/h3>\n<p>Si desea rechazar las cookies anal\u00edticas de Google Analytics en todos los navegadores, por lo que no se env\u00ede informaci\u00f3n suya en Google Analytics, puede descargar un complemento que realiza esta funci\u00f3n desde este enlace: <a href=\"https:\/\/tools.google.com\/dlpage\/gaoptout\">https:\/\/tools.google.com\/dlpage\/gaoptout<\/a>.<\/p>\n<\/div><\/section><\/p><\/div>\n","protected":false},"excerpt":{"rendered":"","protected":false},"author":1,"featured_media":0,"parent":0,"menu_order":0,"comment_status":"closed","ping_status":"open","template":"","meta":{"footnotes":""},"class_list":["post-560","page","type-page","status-publish","hentry"],"yoast_head":"<!-- This site is optimized with the Yoast SEO plugin v27.3 - https:\/\/yoast.com\/product\/yoast-seo-wordpress\/ -->\n<title>Pol\u00edtica de privacidad - Casa Cal Calot<\/title>\n<meta name=\"robots\" content=\"index, follow, max-snippet:-1, max-image-preview:large, max-video-preview:-1\" \/>\n<link rel=\"canonical\" href=\"https:\/\/www.casacalcalot.cat\/es\/politica-de-privacidad\/\" \/>\n<meta property=\"og:locale\" content=\"es_ES\" \/>\n<meta property=\"og:type\" content=\"article\" \/>\n<meta property=\"og:title\" content=\"Pol\u00edtica de privacidad - Casa Cal Calot\" \/>\n<meta property=\"og:url\" content=\"https:\/\/www.casacalcalot.cat\/es\/politica-de-privacidad\/\" \/>\n<meta property=\"og:site_name\" content=\"Casa Cal Calot\" \/>\n<meta property=\"article:modified_time\" content=\"2019-01-11T10:37:03+00:00\" \/>\n<meta name=\"twitter:card\" content=\"summary_large_image\" \/>\n<meta name=\"twitter:label1\" content=\"Tiempo de lectura\" \/>\n\t<meta name=\"twitter:data1\" content=\"8 minutos\" \/>\n<script type=\"application\/ld+json\" class=\"yoast-schema-graph\">{\"@context\":\"https:\\\/\\\/schema.org\",\"@graph\":[{\"@type\":\"WebPage\",\"@id\":\"https:\\\/\\\/www.casacalcalot.cat\\\/es\\\/politica-de-privacidad\\\/\",\"url\":\"https:\\\/\\\/www.casacalcalot.cat\\\/es\\\/politica-de-privacidad\\\/\",\"name\":\"Pol\u00edtica de privacidad - Casa Cal Calot\",\"isPartOf\":{\"@id\":\"https:\\\/\\\/www.casacalcalot.cat\\\/#website\"},\"datePublished\":\"2016-12-15T12:14:41+00:00\",\"dateModified\":\"2019-01-11T10:37:03+00:00\",\"breadcrumb\":{\"@id\":\"https:\\\/\\\/www.casacalcalot.cat\\\/es\\\/politica-de-privacidad\\\/#breadcrumb\"},\"inLanguage\":\"es\",\"potentialAction\":[{\"@type\":\"ReadAction\",\"target\":[\"https:\\\/\\\/www.casacalcalot.cat\\\/es\\\/politica-de-privacidad\\\/\"]}]},{\"@type\":\"BreadcrumbList\",\"@id\":\"https:\\\/\\\/www.casacalcalot.cat\\\/es\\\/politica-de-privacidad\\\/#breadcrumb\",\"itemListElement\":[{\"@type\":\"ListItem\",\"position\":1,\"name\":\"Inici\",\"item\":\"https:\\\/\\\/www.casacalcalot.cat\\\/es\\\/inicio\\\/\"},{\"@type\":\"ListItem\",\"position\":2,\"name\":\"Pol\u00edtica de privacidad\"}]},{\"@type\":\"WebSite\",\"@id\":\"https:\\\/\\\/www.casacalcalot.cat\\\/#website\",\"url\":\"https:\\\/\\\/www.casacalcalot.cat\\\/\",\"name\":\"Casa Cal Calot\",\"description\":\"Casa de turisme rural a Casserres (Bergued\u00e0)\",\"potentialAction\":[{\"@type\":\"SearchAction\",\"target\":{\"@type\":\"EntryPoint\",\"urlTemplate\":\"https:\\\/\\\/www.casacalcalot.cat\\\/?s={search_term_string}\"},\"query-input\":{\"@type\":\"PropertyValueSpecification\",\"valueRequired\":true,\"valueName\":\"search_term_string\"}}],\"inLanguage\":\"es\"}]}<\/script>\n<!-- \/ Yoast SEO plugin. -->","yoast_head_json":{"title":"Pol\u00edtica de privacidad - Casa Cal Calot","robots":{"index":"index","follow":"follow","max-snippet":"max-snippet:-1","max-image-preview":"max-image-preview:large","max-video-preview":"max-video-preview:-1"},"canonical":"https:\/\/www.casacalcalot.cat\/es\/politica-de-privacidad\/","og_locale":"es_ES","og_type":"article","og_title":"Pol\u00edtica de privacidad - Casa Cal Calot","og_url":"https:\/\/www.casacalcalot.cat\/es\/politica-de-privacidad\/","og_site_name":"Casa Cal Calot","article_modified_time":"2019-01-11T10:37:03+00:00","twitter_card":"summary_large_image","twitter_misc":{"Tiempo de lectura":"8 minutos"},"schema":{"@context":"https:\/\/schema.org","@graph":[{"@type":"WebPage","@id":"https:\/\/www.casacalcalot.cat\/es\/politica-de-privacidad\/","url":"https:\/\/www.casacalcalot.cat\/es\/politica-de-privacidad\/","name":"Pol\u00edtica de privacidad - Casa Cal Calot","isPartOf":{"@id":"https:\/\/www.casacalcalot.cat\/#website"},"datePublished":"2016-12-15T12:14:41+00:00","dateModified":"2019-01-11T10:37:03+00:00","breadcrumb":{"@id":"https:\/\/www.casacalcalot.cat\/es\/politica-de-privacidad\/#breadcrumb"},"inLanguage":"es","potentialAction":[{"@type":"ReadAction","target":["https:\/\/www.casacalcalot.cat\/es\/politica-de-privacidad\/"]}]},{"@type":"BreadcrumbList","@id":"https:\/\/www.casacalcalot.cat\/es\/politica-de-privacidad\/#breadcrumb","itemListElement":[{"@type":"ListItem","position":1,"name":"Inici","item":"https:\/\/www.casacalcalot.cat\/es\/inicio\/"},{"@type":"ListItem","position":2,"name":"Pol\u00edtica de privacidad"}]},{"@type":"WebSite","@id":"https:\/\/www.casacalcalot.cat\/#website","url":"https:\/\/www.casacalcalot.cat\/","name":"Casa Cal Calot","description":"Casa de turisme rural a Casserres (Bergued\u00e0)","potentialAction":[{"@type":"SearchAction","target":{"@type":"EntryPoint","urlTemplate":"https:\/\/www.casacalcalot.cat\/?s={search_term_string}"},"query-input":{"@type":"PropertyValueSpecification","valueRequired":true,"valueName":"search_term_string"}}],"inLanguage":"es"}]}},"_links":{"self":[{"href":"https:\/\/www.casacalcalot.cat\/es\/wp-json\/wp\/v2\/pages\/560","targetHints":{"allow":["GET"]}}],"collection":[{"href":"https:\/\/www.casacalcalot.cat\/es\/wp-json\/wp\/v2\/pages"}],"about":[{"href":"https:\/\/www.casacalcalot.cat\/es\/wp-json\/wp\/v2\/types\/page"}],"author":[{"embeddable":true,"href":"https:\/\/www.casacalcalot.cat\/es\/wp-json\/wp\/v2\/users\/1"}],"replies":[{"embeddable":true,"href":"https:\/\/www.casacalcalot.cat\/es\/wp-json\/wp\/v2\/comments?post=560"}],"version-history":[{"count":3,"href":"https:\/\/www.casacalcalot.cat\/es\/wp-json\/wp\/v2\/pages\/560\/revisions"}],"predecessor-version":[{"id":2060,"href":"https:\/\/www.casacalcalot.cat\/es\/wp-json\/wp\/v2\/pages\/560\/revisions\/2060"}],"wp:attachment":[{"href":"https:\/\/www.casacalcalot.cat\/es\/wp-json\/wp\/v2\/media?parent=560"}],"curies":[{"name":"wp","href":"https:\/\/api.w.org\/{rel}","templated":true}]}}